{"id":101345,"date":"2024-08-10T19:13:38","date_gmt":"2024-08-10T17:13:38","guid":{"rendered":"https:\/\/tsm.owjej.app\/?page_id=101345"},"modified":"2025-01-22T14:22:32","modified_gmt":"2025-01-22T13:22:32","slug":"privacy-dei-dati","status":"publish","type":"page","link":"https:\/\/thesailmaster.si\/it\/privacy-dei-dati\/","title":{"rendered":"Privacy dei Dati"},"content":{"rendered":"\n<div class=\"univera-section pt-0 pb-0 \" style=\"background-size:cover;background-repeat:repeat;background-position:center;min-height:250px;position:relative\">\n<div class=\"wp-block-univera-row univera-row container\" style=\"width:100%\"><div class=\"row-inner d-flex flex-wrap justify-content-start align-items-start row-normal\">\n<div class=\"wp-block-univera-column univera-column col-12 col-md-12 col-lg-12 order-1 order-md-1 order-lg-1\"><div class=\"inner-column pt-0 pe-0 pb-0 ps-0 pt-md-0 pe-md-0 pb-md-0 ps-md-0 pt-lg-0 pe-lg-0 pb-lg-0 ps-lg-0 rounded-0 shadow-none hover-shadow-none \" style=\"border-style:none\">\n<h1 class=\"wp-block-univera-heading\">Riservatezza dei dati<\/h1>\n<\/div><\/div>\n<\/div><\/div>\n\n\n\n<div class=\"wp-block-univera-row univera-row container\" style=\"width:100%\"><div class=\"row-inner d-flex flex-wrap justify-content-start align-items-start row-normal\">\n<div class=\"wp-block-univera-column univera-column col-12 col-md-12 col-lg-12 order-1 order-md-1 order-lg-1\"><div class=\"inner-column pt-0 pe-0 pb-0 ps-0 pt-md-0 pe-md-0 pb-md-0 ps-md-0 pt-lg-0 pe-lg-0 pb-lg-0 ps-lg-0 rounded-0 shadow-none hover-shadow-none \" style=\"border-style:none\">\n<h2 class=\"wp-block-univera-heading\">Informazioni generali<\/h2>\n\n\n\n<p>La societ\u00e0 Eolis, d.o.o., con sede in \u017delezna cesta 14, Ljubljana (di seguito denominata Eolis d.o.o.), rispetta la privacy e tratta come riservate tutte le informazioni ottenute dagli utenti dei suoi servizi attraverso il sito web <a href=\"http:\/\/www.thesailmaster.si\">www.thesailmaster.si<\/a> o in altro modo, e che detiene nelle proprie raccolte per la fornitura dei servizi indicati e per le proprie attivit\u00e0 aziendali. La societ\u00e0 si impegna a proteggere con cura tutti i dati personali e a non trasmetterli a terzi, salvo quando ci\u00f2 sia necessario per la conclusione o l&#8217;esecuzione di contratti di noleggio di imbarcazioni o di altri servizi, oppure per conformarsi alla normativa vigente.<\/p>\n\n\n\n<p>Eolis d.o.o. adotta misure tecniche e organizzative adeguate per prevenire l&#8217;accesso non autorizzato ai dati personali raccolti, la loro divulgazione e per mantenerli accurati. Tuttavia, a causa della natura delle transazioni online e del loro continuo sviluppo, la societ\u00e0 non pu\u00f2 garantire una protezione completa e costante delle informazioni trasmesse al sito web <a href=\"http:\/\/www.thesailmaster.si\">www.thesailmaster.si<\/a> o da esso, pertanto non \u00e8 responsabile per la loro ricezione non autorizzata, uso improprio o furto, nonch\u00e9 per eventuali azioni dannose di terzi.<\/p>\n\n\n\n<p>Gli utenti del sito <a href=\"http:\/\/www.thesailmaster.si\">www.thesailmaster.si<\/a> confermano irrevocabilmente che accedendo al sito, oltre ai Termini e Condizioni generali d&#8217;uso, hanno letto e compreso le norme sulla privacy e la protezione dei dati personali pubblicate, e che accettano il loro utilizzo. Seguendo il sito web, gli utenti possono rimanere aggiornati su eventuali modifiche alle regole e al modo di elaborazione dei dati personali. Le modifiche entrano in vigore al momento della loro pubblicazione.<\/p>\n<\/div><\/div>\n<\/div><\/div>\n\n\n\n<div class=\"wp-block-univera-row univera-row container\" style=\"width:100%\"><div class=\"row-inner d-flex flex-wrap justify-content-start align-items-start row-normal\">\n<div class=\"wp-block-univera-column univera-column col-12 col-md-12 col-lg-12 order-1 order-md-1 order-lg-1\"><div class=\"inner-column pt-0 pe-0 pb-0 ps-0 pt-md-0 pe-md-0 pb-md-0 ps-md-0 pt-lg-0 pe-lg-0 pb-lg-0 ps-lg-0 rounded-0 shadow-none hover-shadow-none \" style=\"border-style:none\">\n<h2 class=\"wp-block-univera-heading\">Informazioni sui cookie utilizzati sul sito www.thesailmaster.si<\/h2>\n\n\n\n<p>I cookie sono essenziali per fornire servizi web user-friendly, poich\u00e9 rendono pi\u00f9 efficiente la navigazione dei contenuti del sito e permettono di riconoscere se l&#8217;utente ha gi\u00e0 visitato il sito web.<\/p>\n\n\n\n<p>Per garantire il corretto funzionamento del sito web e identificare le informazioni pi\u00f9 utili per gli utenti, Eolis d.o.o. utilizza i cookie dello strumento Google Analytics. I dati raccolti non consentono l&#8217;identificazione personale degli utenti.<\/p>\n<\/div><\/div>\n<\/div><\/div>\n\n\n\n<div class=\"wp-block-univera-row univera-row container\" style=\"width:100%\"><div class=\"row-inner d-flex flex-wrap justify-content-start align-items-start row-normal\">\n<div class=\"wp-block-univera-column univera-column col-12 col-md-12 col-lg-12 order-1 order-md-1 order-lg-1\"><div class=\"inner-column pt-0 pe-0 pb-0 ps-0 pt-md-0 pe-md-0 pb-md-0 ps-md-0 pt-lg-0 pe-lg-0 pb-lg-0 ps-lg-0 rounded-0 shadow-none hover-shadow-none \" style=\"border-style:none\">\n<h2 class=\"wp-block-univera-heading\">Protezione dei dati personali<\/h2>\n<\/div><\/div>\n<\/div><\/div>\n\n\n\n<div class=\"wp-block-univera-row univera-row container\" style=\"width:100%\"><div class=\"row-inner d-flex flex-wrap justify-content-start align-items-start row-normal\">\n<div class=\"wp-block-univera-column univera-column col-12 col-md-12 col-lg-12 order-1 order-md-1 order-lg-1\"><div class=\"inner-column pt-0 pe-0 pb-0 ps-0 pt-md-0 pe-md-0 pb-md-0 ps-md-0 pt-lg-0 pe-lg-0 pb-lg-0 ps-lg-0 rounded-0 shadow-none hover-shadow-none \" style=\"border-style:none\">\n<h3 class=\"wp-block-univera-heading\">Raccolta e trattamento dei dati personali<\/h3>\n\n\n\n<p>Un dato personale \u00e8 qualsiasi informazione che identifica un utente.<\/p>\n\n\n\n<p>Eolis d.o.o. raccoglie e tratta i dati personali degli utenti dei suoi servizi esclusivamente ai fini della fornitura dei servizi e delle operazioni aziendali, in conformit\u00e0 con la normativa slovena ed europea vigente (Legge sulla protezione dei dati personali, Legge sulla protezione dei consumatori, Legge sulle comunicazioni elettroniche e Regolamento generale sulla protezione dei dati &#8211; GDPR).<\/p>\n\n\n\n<p>Con l&#8217;invio dei dati, gli utenti danno il proprio consenso al loro trattamento.<\/p>\n\n\n\n<p>Tipologie di dati personali raccolti:<\/p>\n\n\n\n<ul> <li>Nome e cognome<\/li> <li>Indirizzo di residenza<\/li> <li>Numero di telefono di contatto e numero di fax<\/li> <li>Indirizzo email<\/li> <\/ul>\n\n\n\n<p>I dati raccolti vengono utilizzati per:<\/p>\n\n\n\n<ul>\n<li>po\u0161iljanju e-novic in obvestil<\/li>\n<li>neposrednemu tr\u017eenju<\/li>\n<li>realizaciji uporabnikovih povpra\u0161evanj<\/li>\n<li>sklenitvi in realizaciji pogodb o najemu plovil in drugih storitev<\/li>\n<li>analizi obiskov spletne strani<\/li>\n<\/ul>\n\n\n\n<p>In base al consenso dell&#8217;utente, fornito con dichiarazione o altro metodo chiaro, Eolis d.o.o. pu\u00f2 raccogliere ed elaborare ulteriori dati personali.<\/p>\n<\/div><\/div>\n<\/div><\/div>\n\n\n\n<div class=\"wp-block-univera-row univera-row container\" style=\"width:100%\"><div class=\"row-inner d-flex flex-wrap justify-content-start align-items-start row-normal\">\n<div class=\"wp-block-univera-column univera-column col-12 col-md-12 col-lg-12 order-1 order-md-1 order-lg-1\"><div class=\"inner-column pt-0 pe-0 pb-0 ps-0 pt-md-0 pe-md-0 pb-md-0 ps-md-0 pt-lg-0 pe-lg-0 pb-lg-0 ps-lg-0 rounded-0 shadow-none hover-shadow-none \" style=\"border-style:none\">\n<h3 class=\"wp-block-univera-heading\">Iscrizione a newsletter e notifiche<\/h3>\n\n\n\n<p>Gli utenti del sito <a href=\"http:\/\/www.thesailmaster.si\">www.thesailmaster.si<\/a> possono iscriversi alla newsletter e alle notifiche, attraverso le quali Eolis d.o.o. informa periodicamente su offerte speciali, vantaggi, novit\u00e0 e altri contenuti relativi ai servizi offerti.<\/p>\n\n\n\n<p>Gli utenti che si registrano per le newsletter e le notifiche forniscono il loro indirizzo email, nome e cognome. Dopo aver inviato il modulo di registrazione, ricevono un messaggio di conferma all&#8217;indirizzo indicato. Dopo la conferma, saranno aggiunti alla lista dei destinatari di newsletter e notifiche.<\/p>\n<\/div><\/div>\n<\/div><\/div>\n\n\n\n<div class=\"wp-block-univera-row univera-row container\" style=\"width:100%\"><div class=\"row-inner d-flex flex-wrap justify-content-start align-items-start row-normal\">\n<div class=\"wp-block-univera-column univera-column col-12 col-md-12 col-lg-12 order-1 order-md-1 order-lg-1\"><div class=\"inner-column pt-0 pe-0 pb-0 ps-0 pt-md-0 pe-md-0 pb-md-0 ps-md-0 pt-lg-0 pe-lg-0 pb-lg-0 ps-lg-0 rounded-0 shadow-none hover-shadow-none \" style=\"border-style:none\">\n<h3 class=\"wp-block-univera-heading\">Diritti degli utenti<\/h3>\n\n\n\n<p>Ogni utente pu\u00f2 in qualsiasi momento richiedere per iscritto o cliccando sul pulsante di disiscrizione presente nella newsletter, che Eolis d.o.o. cessi temporaneamente o definitivamente di utilizzare i suoi dati personali per scopi di marketing diretto. Il titolare del trattamento risponder\u00e0 alla richiesta entro 15 giorni e informer\u00e0 l&#8217;utente della sua attuazione.<\/p>\n\n\n\n<p>Ogni utente ha inoltre il diritto di essere informato e pu\u00f2 richiedere in qualsiasi momento l&#8217;accesso ai propri dati personali, la loro correzione, cancellazione, trasferimento o limitazione del trattamento, oltre a poter opporsi al loro trattamento.<\/p>\n\n\n\n<p>Il titolare del trattamento dei dati personali \u00e8: Eolis d.o.o., \u017delezna cesta 14, SI-Ljubljana. Eventuali domande sulla privacy e sul trattamento dei dati personali possono essere indirizzate a info@thesailmaster.si<\/p>\n<\/div><\/div>\n<\/div><\/div>\n\n\n\n<div class=\"wp-block-univera-row univera-row container\" style=\"width:100%\"><div class=\"row-inner d-flex flex-wrap justify-content-start align-items-start row-normal\">\n<div class=\"wp-block-univera-column univera-column col-12 col-md-12 col-lg-12 order-1 order-md-1 order-lg-1\"><div class=\"inner-column pt-0 pe-0 pb-0 ps-0 pt-md-0 pe-md-0 pb-md-0 ps-md-0 pt-lg-0 pe-lg-0 pb-lg-0 ps-lg-0 rounded-0 shadow-none hover-shadow-none \" style=\"border-style:none\">\n<p>Ultima modifica: 30 giugno 2020<\/p>\n<\/div><\/div>\n<\/div><\/div>\n<\/div>\n","protected":false},"excerpt":{"rendered":"","protected":false},"author":1,"featured_media":0,"parent":0,"menu_order":0,"comment_status":"closed","ping_status":"closed","template":"page-templates\/page-full-width.php","meta":{"_acf_changed":false,"footnotes":""},"class_list":["post-101345","page","type-page","status-publish","hentry"],"acf":[],"_links":{"self":[{"href":"https:\/\/thesailmaster.si\/it\/wp-json\/wp\/v2\/pages\/101345","targetHints":{"allow":["GET"]}}],"collection":[{"href":"https:\/\/thesailmaster.si\/it\/wp-json\/wp\/v2\/pages"}],"about":[{"href":"https:\/\/thesailmaster.si\/it\/wp-json\/wp\/v2\/types\/page"}],"author":[{"embeddable":true,"href":"https:\/\/thesailmaster.si\/it\/wp-json\/wp\/v2\/users\/1"}],"replies":[{"embeddable":true,"href":"https:\/\/thesailmaster.si\/it\/wp-json\/wp\/v2\/comments?post=101345"}],"version-history":[{"count":5,"href":"https:\/\/thesailmaster.si\/it\/wp-json\/wp\/v2\/pages\/101345\/revisions"}],"predecessor-version":[{"id":239240,"href":"https:\/\/thesailmaster.si\/it\/wp-json\/wp\/v2\/pages\/101345\/revisions\/239240"}],"wp:attachment":[{"href":"https:\/\/thesailmaster.si\/it\/wp-json\/wp\/v2\/media?parent=101345"}],"curies":[{"name":"wp","href":"https:\/\/api.w.org\/{rel}","templated":true}]}}