{"id":101278,"date":"2024-09-18T07:55:19","date_gmt":"2024-09-18T05:55:19","guid":{"rendered":"https:\/\/tsm.owjej.app\/povprasevanje-za-darilni-bon\/"},"modified":"2025-02-18T09:57:29","modified_gmt":"2025-02-18T08:57:29","slug":"richiesta-per-un-buono-regalo","status":"publish","type":"page","link":"https:\/\/thesailmaster.si\/it\/richiesta-per-un-buono-regalo\/","title":{"rendered":"Richiesta per un Buono Regalo"},"content":{"rendered":"\n<div class=\"univera-section pt-0 pb-0 \" style=\"background-size:cover;background-repeat:repeat;background-position:center;min-height:250px;position:relative\">\n<div class=\"wp-block-univera-row univera-row container\" style=\"width:100%\"><div class=\"row-inner d-flex flex-wrap justify-content-start align-items-start row-normal\">\n<div class=\"wp-block-univera-column univera-column col-12 col-md-12 col-lg-8 order-1 order-md-1 order-lg-1\"><div class=\"inner-column pt-0 pe-0 pb-0 ps-0 pt-md-0 pe-md-0 pb-md-0 ps-md-0 pt-lg-0 pe-lg-0 pb-lg-0 ps-lg-0 rounded-0 shadow-none hover-shadow-none \" style=\"border-style:none\">\n<h1 class=\"wp-block-univera-heading\">Richiesta Buono Regalo<\/h1>\n\n\n\n<p>Stai cercando un regalo unico per qualcuno di speciale? Con i nostri buoni regalo, puoi offrire un&#8217;esperienza da sogno di noleggio di una barca o di uno yacht. I buoni sono disponibili in importi di 100 \u20ac, 200 \u20ac, 300 \u20ac o importi personalizzati, che il destinatario pu\u00f2 utilizzare come sconto per il noleggio di un\u2019imbarcazione a sua scelta. Lascia che il regalo non sia solo un oggetto, ma un\u2019avventura indimenticabile in mare, dove potranno godersi una navigazione di lusso ed esplorare splendide destinazioni costiere.<\/p>\n\n\n\n<p>Na\u0161i darilni boni ponujajo prilo\u017enost za popoln pobeg na morje, kjer si prejemnik sam izbere med razli\u010dnimi plovili in destinacijami. Boni so prilagodljivi, zato lahko izbirate med fiksnimi vrednostmi ali dolo\u010dite znesek po meri glede na va\u0161e \u017eelje. Presenetite z darilom, ki ponuja ve\u010d kot le luksuz \u2013 omogo\u010dite nepozabno izku\u0161njo na valovih!<\/p>\n<\/div><\/div>\n\n\n\n<div class=\"wp-block-univera-column univera-column col-12 col-md-12 col-lg-6 order-1 order-md-1 order-lg-1\"><div class=\"inner-column pt-0 pe-0 pb-0 ps-0 pt-md-0 pe-md-0 pb-md-0 ps-md-0 pt-lg-0 pe-lg-0 pb-lg-0 ps-lg-0 rounded-0 shadow-none hover-shadow-none \" style=\"border-style:none\">\n<div class=\"wp-block-univera-form univera-form\"><div>\n<div class=\"wpcf7 no-js\" id=\"wpcf7-f239256-o1\" lang=\"it-IT\" dir=\"ltr\" data-wpcf7-id=\"239256\">\n<div class=\"screen-reader-response\"><p role=\"status\" aria-live=\"polite\" aria-atomic=\"true\"><\/p> <ul><\/ul><\/div>\n<form action=\"\/it\/wp-json\/univera\/v1\/get-forms?_locale=user#wpcf7-f239256-o1\" method=\"post\" class=\"wpcf7-form init\" aria-label=\"Modulo di contatto\" novalidate=\"novalidate\" data-status=\"init\">\n<div style=\"display: none;\">\n<input type=\"hidden\" name=\"_wpcf7\" value=\"239256\" \/>\n<input type=\"hidden\" name=\"_wpcf7_version\" value=\"6.0.4\" \/>\n<input type=\"hidden\" name=\"_wpcf7_locale\" value=\"it_IT\" \/>\n<input type=\"hidden\" name=\"_wpcf7_unit_tag\" value=\"wpcf7-f239256-o1\" \/>\n<input type=\"hidden\" name=\"_wpcf7_container_post\" value=\"0\" \/>\n<input type=\"hidden\" name=\"_wpcf7_posted_data_hash\" value=\"\" \/>\n<input type=\"hidden\" name=\"_wpcf7_recaptcha_response\" value=\"\" \/>\n<\/div>\n<div class=\"contact-form-fields-wrapper d-flex flex-column gap-3\">\n\t<div class=\"contact-form-name d-flex flex-column gap-1\">\n\t\t<p><label>Nome e Cognome<\/label><br \/>\n<span class=\"wpcf7-form-control-wrap\" data-name=\"name-surname\"><input size=\"40\" maxlength=\"400\" class=\"wpcf7-form-control wpcf7-text wpcf7-validates-as-required\" aria-required=\"true\" aria-invalid=\"false\" value=\"\" type=\"text\" name=\"name-surname\" \/><\/span>\n\t\t<\/p>\n\t<\/div>\n\t<div class=\"contact-form-partner-type d-flex flex-column gap-1\">\n\t\t<p><label>Buono Regalo<\/label><br \/>\n<span class=\"wpcf7-form-control-wrap\" data-name=\"darilni-bon\"><select class=\"wpcf7-form-control wpcf7-select wpcf7-validates-as-required\" id=\"coupon-select\" aria-required=\"true\" aria-invalid=\"false\" name=\"darilni-bon\"><option value=\"100 \u20ac\">100 \u20ac<\/option><option value=\"200 \u20ac\">200 \u20ac<\/option><option value=\"300 \u20ac\">300 \u20ac<\/option><option value=\"Personalizzato (scrivi il valore nel messaggio)\">Personalizzato (scrivi il valore nel messaggio)<\/option><\/select><\/span>\n\t\t<\/p>\n\t<\/div>\n\t<div class=\"d-flex flex-column flex-md-row flex-lg-row gap-3\">\n\t\t<div class=\"contact-form-email d-flex flex-column gap-1\">\n\t\t\t<p><label>Indirizzo Email<\/label><br \/>\n<span class=\"wpcf7-form-control-wrap\" data-name=\"email\"><input size=\"40\" maxlength=\"400\" class=\"wpcf7-form-control wpcf7-email wpcf7-validates-as-required wpcf7-text wpcf7-validates-as-email\" aria-required=\"true\" aria-invalid=\"false\" value=\"\" type=\"email\" name=\"email\" \/><\/span>\n\t\t\t<\/p>\n\t\t<\/div>\n\t\t<div class=\"contact-form-phone d-flex flex-column gap-1\">\n\t\t\t<p><label>Telefono<\/label><br \/>\n<span class=\"wpcf7-form-control-wrap\" data-name=\"tel\"><input size=\"40\" maxlength=\"400\" class=\"wpcf7-form-control wpcf7-tel wpcf7-validates-as-required wpcf7-text wpcf7-validates-as-tel\" aria-required=\"true\" aria-invalid=\"false\" value=\"\" type=\"tel\" name=\"tel\" \/><\/span>\n\t\t\t<\/p>\n\t\t<\/div>\n\t<\/div>\n\t<div class=\"contact-form-message d-flex flex-column gap-1\">\n\t\t<p><label>Messaggio<\/label><br \/>\n<span class=\"wpcf7-form-control-wrap\" data-name=\"message\"><textarea cols=\"40\" rows=\"5\" maxlength=\"2000\" class=\"wpcf7-form-control wpcf7-textarea wpcf7-validates-as-required\" aria-required=\"true\" aria-invalid=\"false\" name=\"message\"><\/textarea><\/span>\n\t\t<\/p>\n\t<\/div>\n\t<div class=\"contact-form-send-button d-flex flex-column gap-1\">\n\t\t<p><input class=\"wpcf7-form-control wpcf7-submit has-spinner btn btn-secondary\" type=\"submit\" value=\"Invia\" \/>\n\t\t<\/p>\n\t<\/div>\n<\/div><div class=\"wpcf7-response-output\" aria-hidden=\"true\"><\/div>\n<\/form>\n<\/div>\n<\/div><\/div>\n<\/div><\/div>\n<\/div><\/div>\n<\/div>\n","protected":false},"excerpt":{"rendered":"","protected":false},"author":1,"featured_media":0,"parent":0,"menu_order":0,"comment_status":"closed","ping_status":"closed","template":"","meta":{"_acf_changed":false,"footnotes":""},"class_list":["post-101278","page","type-page","status-publish","hentry"],"acf":[],"_links":{"self":[{"href":"https:\/\/thesailmaster.si\/it\/wp-json\/wp\/v2\/pages\/101278","targetHints":{"allow":["GET"]}}],"collection":[{"href":"https:\/\/thesailmaster.si\/it\/wp-json\/wp\/v2\/pages"}],"about":[{"href":"https:\/\/thesailmaster.si\/it\/wp-json\/wp\/v2\/types\/page"}],"author":[{"embeddable":true,"href":"https:\/\/thesailmaster.si\/it\/wp-json\/wp\/v2\/users\/1"}],"replies":[{"embeddable":true,"href":"https:\/\/thesailmaster.si\/it\/wp-json\/wp\/v2\/comments?post=101278"}],"version-history":[{"count":4,"href":"https:\/\/thesailmaster.si\/it\/wp-json\/wp\/v2\/pages\/101278\/revisions"}],"predecessor-version":[{"id":239827,"href":"https:\/\/thesailmaster.si\/it\/wp-json\/wp\/v2\/pages\/101278\/revisions\/239827"}],"wp:attachment":[{"href":"https:\/\/thesailmaster.si\/it\/wp-json\/wp\/v2\/media?parent=101278"}],"curies":[{"name":"wp","href":"https:\/\/api.w.org\/{rel}","templated":true}]}}