{"id":101353,"date":"2024-08-10T19:13:25","date_gmt":"2024-08-10T17:13:25","guid":{"rendered":"https:\/\/tsm.owjej.app\/?page_id=101353"},"modified":"2025-01-22T14:03:54","modified_gmt":"2025-01-22T13:03:54","slug":"opci-uvjeti-koristenja","status":"publish","type":"page","link":"https:\/\/thesailmaster.si\/hr\/opci-uvjeti-koristenja\/","title":{"rendered":"Op\u0107i uvjeti kori\u0161tenja"},"content":{"rendered":"\n<div class=\"univera-section pt-0 pb-0 \" style=\"background-size:cover;background-repeat:repeat;background-position:center;min-height:250px;position:relative\">\n<div class=\"wp-block-univera-row univera-row container\" style=\"width:100%\"><div class=\"row-inner d-flex flex-wrap justify-content-start align-items-start row-normal\">\n<div class=\"wp-block-univera-column univera-column col-12 col-md-12 col-lg-12 order-1 order-md-1 order-lg-1\"><div class=\"inner-column pt-0 pe-0 pb-0 ps-0 pt-md-0 pe-md-0 pb-md-0 ps-md-0 pt-lg-0 pe-lg-0 pb-lg-0 ps-lg-0 rounded-0 shadow-none hover-shadow-none \" style=\"border-style:none\">\n<h1 class=\"wp-block-univera-heading\">Op\u0107i uvjeti kori\u0161tenja<\/h1>\n<\/div><\/div>\n<\/div><\/div>\n\n\n\n<div class=\"wp-block-univera-row univera-row container\" style=\"width:100%\"><div class=\"row-inner d-flex flex-wrap justify-content-start align-items-start row-normal\">\n<div class=\"wp-block-univera-column univera-column col-12 col-md-12 col-lg-12 order-1 order-md-1 order-lg-1\"><div class=\"inner-column pt-0 pe-0 pb-0 ps-0 pt-md-0 pe-md-0 pb-md-0 ps-md-0 pt-lg-0 pe-lg-0 pb-lg-0 ps-lg-0 rounded-0 shadow-none hover-shadow-none \" style=\"border-style:none\">\n<h2 class=\"wp-block-univera-heading\">Op\u0107e<\/h2>\n\n\n\n<p>Gospodarska dru\u017eba EOLIS, d.o.o., sa sjedi\u0161tem na adresi \u017delezna cesta 14, Ljubljana (u daljnjem tekstu: Eolis d.o.o.), putem svoje web stranice www.thesailmaster.si, nudi usluge informiranja, organizacije i agencijskog posredovanja u najmu plovila i drugo s tim u vezi, odn. nauti\u010dke usluge.<\/p>\n\n\n\n<p>Op\u0107i uvjeti kori\u0161tenja objavljeni na ovoj stranici vrijede za sve korisnike web stranice.<\/p>\n\n\n\n<p>Pristupom web stranici www.thesailmaster.si korisnik u cijelosti prihva\u0107a uvjete kori\u0161tenja te pravila privatnosti i za\u0161tite osobnih podataka. Eolis d.o.o. zadr\u017eava pravo izmjene ovih uvjeta u bilo kojem trenutku. Korisnik je du\u017ean pratiti promjene koje stupaju na snagu od trenutka objave. Smatra se da je upoznat s uvjetima i pravilima koja vrijede u svakom trenutku, da ih je razumio i da se s njima u potpunosti sla\u017ee.<\/p>\n\n\n\n<p>Prilikom kori\u0161tenja web stranica korisnik je du\u017ean da tvrtka Eolis d.o.o. dati samo istinite i potpune informacije.<\/p>\n\n\n\n<p>Tvrtka Eolis d.o.o. \u0107e s korisnikom web stranice komunicirati na daljinu i slati mu oglasne elektroni\u010dke poruke samo ako on za to da privolu. U njima \u0107e jasno biti prikazan na\u010din odjave od primanja oglasnih poruka.<\/p>\n<\/div><\/div>\n<\/div><\/div>\n\n\n\n<div class=\"wp-block-univera-row univera-row container\" style=\"width:100%\"><div class=\"row-inner d-flex flex-wrap justify-content-start align-items-start row-normal\">\n<div class=\"wp-block-univera-column univera-column col-12 col-md-12 col-lg-12 order-1 order-md-1 order-lg-1\"><div class=\"inner-column pt-0 pe-0 pb-0 ps-0 pt-md-0 pe-md-0 pb-md-0 ps-md-0 pt-lg-0 pe-lg-0 pb-lg-0 ps-lg-0 rounded-0 shadow-none hover-shadow-none \" style=\"border-style:none\">\n<h3 class=\"wp-block-univera-heading\">Ograni\u010denje odgovornosti<\/h3>\n\n\n\n<p>Eolis d.o.o. ne jam\u010di za istinitost, to\u010dnost i potpunost sadr\u017eaja ponude objavljenih na web stranici www.thesailmaster.si, jer ih prikuplja od svojih poslovnih partnera &#8211; charter tvrtki.<\/p>\n\n\n\n<p>Korisnik izjavljuje da Eolis d.o.o. i njegovi zaposlenici ne\u0107e se smatrati odgovornima za naknadu bilo kakve mogu\u0107e \u0161tete ili tro\u0161kove pravnog zastupanja proiza\u0161le iz kori\u0161tenja web stranice www.thesailmaster.si, osim u slu\u010dajevima namjerne zlouporabe.<\/p>\n\n\n\n<p>Eolis d.o.o. ne jam\u010di da \u0107e kori\u0161tenje web stranice www.thesailmaster.si biti neprekinuto zbog kvarova na komunikacijskim vezama, ra\u010dunalnih virusa, neovla\u0161tenog pristupa, zlouporabe podataka ili bilo kojih drugih neprikladnih radnji tre\u0107ih strana te stoga ne odgovara za nastalu \u0161tetu.<\/p>\n<\/div><\/div>\n<\/div><\/div>\n\n\n\n<div class=\"wp-block-univera-row univera-row container\" style=\"width:100%\"><div class=\"row-inner d-flex flex-wrap justify-content-start align-items-start row-normal\">\n<div class=\"wp-block-univera-column univera-column col-12 col-md-12 col-lg-12 order-1 order-md-1 order-lg-1\"><div class=\"inner-column pt-0 pe-0 pb-0 ps-0 pt-md-0 pe-md-0 pb-md-0 ps-md-0 pt-lg-0 pe-lg-0 pb-lg-0 ps-lg-0 rounded-0 shadow-none hover-shadow-none \" style=\"border-style:none\">\n<h2 class=\"wp-block-univera-heading\">Op\u0107i uvjeti najma<\/h2>\n\n\n\n<p>Ponuda, uklju\u010duju\u0107i cijene najma plovila i drugih usluga koje pru\u017ea posrednik (agencija) THESAILMASTER, objavljena je na web stranici www.thesailmaster.si i podlo\u017ena je dnevnim promjenama te prilagodbama na zahtjev.<\/p>\n\n\n\n<p>Posrednik ne napla\u0107uje nikakve administrativne tro\u0161kove za pru\u017eene usluge.<\/p>\n<\/div><\/div>\n<\/div><\/div>\n\n\n\n<div class=\"wp-block-univera-row univera-row container\" style=\"width:100%\"><div class=\"row-inner d-flex flex-wrap justify-content-start align-items-start row-normal\">\n<div class=\"wp-block-univera-column univera-column col-12 col-md-12 col-lg-12 order-1 order-md-1 order-lg-1\"><div class=\"inner-column pt-0 pe-0 pb-0 ps-0 pt-md-0 pe-md-0 pb-md-0 ps-md-0 pt-lg-0 pe-lg-0 pb-lg-0 ps-lg-0 rounded-0 shadow-none hover-shadow-none \" style=\"border-style:none\">\n<h3 class=\"wp-block-univera-heading\">Kontakt<\/h3>\n\n\n\n<p>Za najam plovila ili druge usluge objavljene na web stranici, korisnik mo\u017ee kontaktirati posrednika putem telefona, e-maila, online kontakt obrasca ili dru\u0161tvenih mre\u017ea.<\/p>\n<\/div><\/div>\n<\/div><\/div>\n\n\n\n<div class=\"wp-block-univera-row univera-row container\" style=\"width:100%\"><div class=\"row-inner d-flex flex-wrap justify-content-start align-items-start row-normal\">\n<div class=\"wp-block-univera-column univera-column col-12 col-md-12 col-lg-12 order-1 order-md-1 order-lg-1\"><div class=\"inner-column pt-0 pe-0 pb-0 ps-0 pt-md-0 pe-md-0 pb-md-0 ps-md-0 pt-lg-0 pe-lg-0 pb-lg-0 ps-lg-0 rounded-0 shadow-none hover-shadow-none \" style=\"border-style:none\">\n<h3 class=\"wp-block-univera-heading\">Rezervacija, najam broda i pla\u0107anje<\/h3>\n\n\n\n<p>Posrednik na temelju zahtjeva korisnika (iznesenih \u017eelja) konkretizira ponudu i pod &#8220;opciju&#8221; stavlja odgovaraju\u0107a plovila. Tijekom njegove valjanosti, a to je maksimalno 7 dana, korisnik mo\u017ee odlu\u010diti potvrditi najam.<\/p>\n\n\n\n<p>Za potvrdu rezervacije (najma) i izdavanje predra\u010duna, korisnik mora posredniku dostaviti:<\/p>\n\n\n\n<ul> <li>ime i prezime\/tvrtka,<\/li> <li>adresa\/sjedi\u0161te,<\/li> <li>PDV ID za tvrtku,<\/li> <li>broj telefona i e-mail adresa.<\/li> <\/ul>\n\n\n\n<p>Rezervacija je potvr\u0111ena, a time i ugovorni odnos uspostavljen, uplatom 50% cijene najma prema predra\u010dunu. Preostali dio cijene mora se uplatiti najkasnije 5 tjedana prije datuma najma plovila. U slu\u010daju Last Minute najma, odnosno u roku od 5 tjedana ili manje do preuzimanja plovila, potrebno je uplatiti 100% cijene prema predra\u010dunu.<\/p>\n\n\n\n<p>Posrednik za svaku uplatu prema predra\u010dunu izdaje avansni ra\u010dun.<\/p>\n\n\n\n<p>Po potrjeni rezervaciji posreduje posrednik najemniku pogodbo v podpis, hkrati z obrazcem za popis posadke (crew list). Najemnik ju mora izpolnjena vrniti posredniku.<\/p>\n\n\n\n<p>Nakon \u0161to uplati cijeli iznos prema predra\u010dunu, najmoprimac \u0107e tjedan dana prije po\u010detka najma dobiti potvrdu o preuzimanju plovila (voucher). Ta potvrda omogu\u0107uje preuzimanje plovila kod \u010darter kompanije.<\/p>\n\n\n\n<p>Ra\u010dun se izdaje nakon zavr\u0161etka najma.<\/p>\n<\/div><\/div>\n<\/div><\/div>\n\n\n\n<div class=\"wp-block-univera-row univera-row container\" style=\"width:100%\"><div class=\"row-inner d-flex flex-wrap justify-content-start align-items-start row-normal\">\n<div class=\"wp-block-univera-column univera-column col-12 col-md-12 col-lg-12 order-1 order-md-1 order-lg-1\"><div class=\"inner-column pt-0 pe-0 pb-0 ps-0 pt-md-0 pe-md-0 pb-md-0 ps-md-0 pt-lg-0 pe-lg-0 pb-lg-0 ps-lg-0 rounded-0 shadow-none hover-shadow-none \" style=\"border-style:none\">\n<h3 class=\"wp-block-univera-heading\">Zakup ostalih usluga<\/h3>\n\n\n\n<p>Unajmljivanje ostalih usluga (skiper, hostesa, kuharica i sl.) mogu\u0107e je i bez najma plovila, uz po\u0161tovanje odgovaraju\u0107ih uvjeta odabrane charter tvrtke.<\/p>\n<\/div><\/div>\n<\/div><\/div>\n\n\n\n<div class=\"wp-block-univera-row univera-row container\" style=\"width:100%\"><div class=\"row-inner d-flex flex-wrap justify-content-start align-items-start row-normal\">\n<div class=\"wp-block-univera-column univera-column col-12 col-md-12 col-lg-12 order-1 order-md-1 order-lg-1\"><div class=\"inner-column pt-0 pe-0 pb-0 ps-0 pt-md-0 pe-md-0 pb-md-0 ps-md-0 pt-lg-0 pe-lg-0 pb-lg-0 ps-lg-0 rounded-0 shadow-none hover-shadow-none \" style=\"border-style:none\">\n<h3 class=\"wp-block-univera-heading\">Cijena i osiguranje<\/h3>\n\n\n\n<p>U cijenu najma uklju\u010deno je kori\u0161tenje opremljenog plovila s normalnom istro\u0161eno\u0161\u0107u, njegovo osiguranje od tre\u0107ih osoba, kasko osiguranje s vlastitim u\u010de\u0161\u0107em (polog) i vez u mati\u010dnoj marini, ako se za plovilo unajmljuje cjelogodi\u0161nji vez. U cijenu nije uklju\u010deno gorivo i druge posebne usluge te pristojbe i vezovi u stranim marinama i sidri\u0161tima, a osiguranje ne uklju\u010duje nezgode osoba na plovilu, \u0161tetu na stvarima unesenim na plovilo te \u0161tetu nastalu nestru\u010dnom uporabom ili gubitak opreme na plovilu.<\/p>\n<\/div><\/div>\n<\/div><\/div>\n\n\n\n<div class=\"wp-block-univera-row univera-row container\" style=\"width:100%\"><div class=\"row-inner d-flex flex-wrap justify-content-start align-items-start row-normal\">\n<div class=\"wp-block-univera-column univera-column col-12 col-md-12 col-lg-12 order-1 order-md-1 order-lg-1\"><div class=\"inner-column pt-0 pe-0 pb-0 ps-0 pt-md-0 pe-md-0 pb-md-0 ps-md-0 pt-lg-0 pe-lg-0 pb-lg-0 ps-lg-0 rounded-0 shadow-none hover-shadow-none \" style=\"border-style:none\">\n<h3 class=\"wp-block-univera-heading\">Sigurnosni polog i ostali obvezni tro\u0161kovi<\/h3>\n\n\n\n<p>Prilikom preuzimanja plovila u marini, najmoprimac je du\u017ean polo\u017eiti depozit (kauciju) u gotovini ili kreditnom karticom u iznosu koji je prema cjeniku \u010darter tvrtke naveden u ugovoru. Depozit se u cijelosti vra\u0107a ako je plovilo vra\u0107eno na vrijeme, neo\u0161te\u0107eno i s punim rezervoarom goriva; u suprotnom se umanjuje za stvarne tro\u0161kove nastale zbog popravka ili zamjene o\u0161te\u0107enih ili izgubljenih dijelova plovila ili opreme. \u0160tetu nastalu zbog pregrijavanja motora i o\u0161te\u0107enja jedara, koja je rezultat namjernog postupanja ili nemarnog rukovanja, najmoprimac snosi u cijelosti. Od\u0161teta se obra\u010dunava prilikom povrata plovila, a u slu\u010daju da tro\u0161kovi nisu odmah obra\u010dunljivi, odgovaraju\u0107i dio ili cijeli depozit zadr\u017eava se u roku koji ovisi o politici \u010darter tvrtke.<\/p>\n\n\n\n<p>Najmoprimac pla\u0107a depozit i kod najma plovila sa skiperom. U tom slu\u010daju ne pokriva tro\u0161kove nastale zbog skiperove nepa\u017enje, pogre\u0161aka ili lo\u0161eg upravljanja plovilom i opremom.<\/p>\n\n\n\n<p>Jam\u010devina se mo\u017ee osigurati. Ovu opciju nudi posrednik prema cjeniku i pravilima osiguravaju\u0107eg dru\u0161tva Yacht Pool (OSIGURANJE YACHT d.o.o., Pore\u010d). Iznos osiguranja se ne vra\u0107a najmoprimcu.<\/p>\n\n\n\n<p>Prilikom preuzimanja plovila najmoprimac pla\u0107a i boravi\u0161nu pristojbu te tro\u0161kove \u010di\u0161\u0107enja plovila i posteljine (transit log).<\/p>\n<\/div><\/div>\n<\/div><\/div>\n\n\n\n<div class=\"wp-block-univera-row univera-row container\" style=\"width:100%\"><div class=\"row-inner d-flex flex-wrap justify-content-start align-items-start row-normal\">\n<div class=\"wp-block-univera-column univera-column col-12 col-md-12 col-lg-12 order-1 order-md-1 order-lg-1\"><div class=\"inner-column pt-0 pe-0 pb-0 ps-0 pt-md-0 pe-md-0 pb-md-0 ps-md-0 pt-lg-0 pe-lg-0 pb-lg-0 ps-lg-0 rounded-0 shadow-none hover-shadow-none \" style=\"border-style:none\">\n<h3 class=\"wp-block-univera-heading\">Produljenje najma<\/h3>\n\n\n\n<p>Najmoprimac dogovara mogu\u0107nost produljenja najma plovila prije i nakon preuzimanja isklju\u010divo s posrednikom. Najmoprimac odgovara za \u0161tetu za pona\u0161anje suprotno ovoj odredbi.<\/p>\n\n\n\n<p>Najam se produljuje sklapanjem dodatnog ugovora i pla\u0107anjem istog.<\/p>\n<\/div><\/div>\n<\/div><\/div>\n\n\n\n<div class=\"wp-block-univera-row univera-row container\" style=\"width:100%\"><div class=\"row-inner d-flex flex-wrap justify-content-start align-items-start row-normal\">\n<div class=\"wp-block-univera-column univera-column col-12 col-md-12 col-lg-12 order-1 order-md-1 order-lg-1\"><div class=\"inner-column pt-0 pe-0 pb-0 ps-0 pt-md-0 pe-md-0 pb-md-0 ps-md-0 pt-lg-0 pe-lg-0 pb-lg-0 ps-lg-0 rounded-0 shadow-none hover-shadow-none \" style=\"border-style:none\">\n<h3 class=\"wp-block-univera-heading\">Odustajanje od najma<\/h3>\n\n\n\n<p>Ako najmoprimac (s posadom) iz bilo kojeg razloga ne mo\u017ee zapo\u010deti najam plovila, mo\u017ee, uz suglasnost posrednika, prona\u0107i drugu osobu koja \u0107e preuzeti njegova prava i obveze iz sklopljenog ugovora. Ako ne uspije prona\u0107i drugu osobu, posrednik zadr\u017eava:<\/p>\n\n\n\n<ul>\n<li>30% cijene najma u slu\u010daju da sam prona\u0111e zamjenu za otkazani termin,<\/li>\n<li>ako to ne u\u010dini, 50% cijene najma za otkazivanje do 5 tjedana prije po\u010detka najma i 100% cijene najma za otkazivanje dano u razdoblju kra\u0107em od 5 tjedana prije po\u010detka najma.<\/li>\n<\/ul>\n\n\n\n<p>Posrednik ima pravo iznajmiti plovilo drugoj osobi ako najmoprimac ne uplati cijenu najma u roku od 8 dana od datuma dospije\u0107a predra\u010duna. Dotada izvr\u0161ene uplate posrednik zadr\u017eava.<\/p>\n\n\n\n<p>Kako bi se izbjegle ove situacije, najmoprimac se mo\u017ee osigurati od rizika otkaza najma.<\/p>\n<\/div><\/div>\n<\/div><\/div>\n\n\n\n<div class=\"wp-block-univera-row univera-row container\" style=\"width:100%\"><div class=\"row-inner d-flex flex-wrap justify-content-start align-items-start row-normal\">\n<div class=\"wp-block-univera-column univera-column col-12 col-md-12 col-lg-12 order-1 order-md-1 order-lg-1\"><div class=\"inner-column pt-0 pe-0 pb-0 ps-0 pt-md-0 pe-md-0 pb-md-0 ps-md-0 pt-lg-0 pe-lg-0 pb-lg-0 ps-lg-0 rounded-0 shadow-none hover-shadow-none \" style=\"border-style:none\">\n<h3 class=\"wp-block-univera-heading\">Obveze Najmoprimca:<\/h3>\n\n\n\n<p>Najmoprimac izjavljuje da on ili drugi \u010dlan posade koji \u0107e upravljati plovilom ima va\u017ee\u0107u plovidbenu dozvolu i odgovaraju\u0107e jedrili\u010darsko i navigacijsko znanje (izjava nije potrebna u slu\u010daju najma plovila sa skiperom).<\/p>\n\n\n\n<p>Najmoprimac se obvezuje:<\/p>\n\n\n\n<ul> <li>pa\u017eljivo i odgovorno rukovati unajmljenim plovilom i njegovom opremom, kao dobar gospodar;<\/li> <li>koristiti plovilo samo unutar teritorijalnih voda i strogo po\u0161tivati \u200b\u200bplovidbene propise, pomorske zakone i obi\u010daje;<\/li > < li>koristiti plovilo isklju\u010divo u rekreativne svrhe, ne posu\u0111ivati \u200b\u200bga tre\u0107im osobama niti ga koristiti u komercijalne svrhe. Na plovilu mogu biti samo osobe upisane u popis posade;<\/li> <li>ne sudjelovati u regatama s plovilom, osim ako to nije pismeno dogovoreno;<\/li> <li>ne tegliti druga plovila s plovilom unajmljeno plovilo, osim u hitnim slu\u010dajevima;<\/li> <li>svakodnevno provjeravati razinu ulja u motoru i rashladne teku\u0107ine;<\/li> <li>odgovorno preuzeti i vratiti plovilo i njegovu opremu.<\/li> <\/ ul>\n<\/div><\/div>\n<\/div><\/div>\n\n\n\n<div class=\"wp-block-univera-row univera-row container\" style=\"width:100%\"><div class=\"row-inner d-flex flex-wrap justify-content-start align-items-start row-normal\">\n<div class=\"wp-block-univera-column univera-column col-12 col-md-12 col-lg-12 order-1 order-md-1 order-lg-1\"><div class=\"inner-column pt-0 pe-0 pb-0 ps-0 pt-md-0 pe-md-0 pb-md-0 ps-md-0 pt-lg-0 pe-lg-0 pb-lg-0 ps-lg-0 rounded-0 shadow-none hover-shadow-none \" style=\"border-style:none\">\n<h3 class=\"wp-block-univera-heading\">O\u0161te\u0107enje plovila<\/h3>\n\n\n\n<p>U slu\u010daju bilo kakvih nedostataka ili o\u0161te\u0107enja na plovilu ili njegovoj opremi, najmoprimac je du\u017ean odmah obavijestiti charter tvrtku i brokera, te slijediti dane upute. U slu\u010daju te\u0161kih ozljeda, nesre\u0107a, kra\u0111a ili nemogu\u0107nosti manevriranja, du\u017ean je sastaviti &#8220;zapisnik o \u0161teti&#8221; i dati ga ovjeriti u lu\u010dkoj kapetaniji ili policiji, a ako to nije mogu\u0107e, u marini, lije\u010dniku. odnosno dvije poslovno sposobne osobe.<\/p>\n\n\n\n<p>Gre\u0161ke ili neispravnosti instrumenata ili opreme plovila ne daju najmoprimcu pravo na raskid najma, niti pravo na nov\u010danu naknadu, ako je klasi\u010dnom plovidbom mogu\u0107a ispravna plovidba i ako je osigurana sigurnost plovila i posade.<\/p>\n\n\n\n<p>Mogu\u0107a o\u0161te\u0107enja plovila tijekom trajanja najma charter tvrtka mo\u017ee provjeriti uz pomo\u0107 kvalificiranog ronioca ili podizanjem plovila iz vode. Ova se usluga mo\u017ee posebno naplatiti najmoprimcu.<\/p>\n<\/div><\/div>\n<\/div><\/div>\n\n\n\n<div class=\"wp-block-univera-row univera-row container\" style=\"width:100%\"><div class=\"row-inner d-flex flex-wrap justify-content-start align-items-start row-normal\">\n<div class=\"wp-block-univera-column univera-column col-12 col-md-12 col-lg-12 order-1 order-md-1 order-lg-1\"><div class=\"inner-column pt-0 pe-0 pb-0 ps-0 pt-md-0 pe-md-0 pb-md-0 ps-md-0 pt-lg-0 pe-lg-0 pb-lg-0 ps-lg-0 rounded-0 shadow-none hover-shadow-none \" style=\"border-style:none\">\n<h3 class=\"wp-block-univera-heading\">Preuzimanje i vra\u0107anje plovila<\/h3>\n\n\n\n<p>Plovilo se predaje najmoprimcu na dogovorenom mjestu iu dogovoreno vrijeme. Ukoliko se isti ne mo\u017ee predati iz objektivnih razloga, najmoprimcu \u0107e se osigurati zamjensko plovilo sli\u010dnih ili boljih karakteristika po istoj cijeni najma, ukoliko se i ono ne mo\u017ee predati u roku, najam \u0107e se umanjiti za svaki dan. propu\u0161teno. Ukoliko se plovilo ne mo\u017ee predati unutar 40 sati od ugovorenog roka ili u mjestu manjem od 30 nauti\u010dkih milja od mati\u010dne marine, najmoprimac ima pravo odustati od ugovora. U tom slu\u010daju dobiva povrat najamnine, ali nema pravo ni na kakvu drugu naknadu. Ukoliko najmoprimac ne preuzme plovilo u roku od 24 sata od ugovorenog roka i ne prijavi ka\u0161njenje, posrednik mo\u017ee iznajmiti plovilo drugoj osobi.<\/p>\n\n\n\n<p>Prilikom preuzimanja plovila najmoprimac je du\u017ean pa\u017eljivo provjeriti njegovo stanje i stanje opreme. Sve primjedbe i nedostatke potrebno je unijeti u primopredajni zapisnik. Isklju\u010deni su kasniji prigovori u pogledu sposobnosti za plovidbu ili opreme.<\/p>\n\n\n\n<p>Prilikom preuzimanja, skiper je du\u017ean upoznati se s plovilom, njegovom opremom i instrumentima, na\u010dinom njihovog upravljanja i potrebnog odr\u017eavanja tijekom trajanja najma. Charter tvrtka ima pravo ne predati plovilo ako se utvrdi da skiper nije u stanju sigurno upravljati plovilom (iz bilo kojeg razloga), ili dodijeliti kvalificiranog skipera posadi (ako je mogu\u0107e), \u0161to je \u010darter du\u017ean platiti za odvojeno.<\/p>\n\n\n\n<p>Najmoprimac se obvezuje vratiti plovilo na dogovoreno mjesto iu dogovoreno vrijeme (prilago\u0111avaju\u0107i plovidbu vremenskim uvjetima), neo\u0161te\u0107eno i s punim spremnikom goriva. Za redovne tjedne chartere, plovila se vra\u0107aju ve\u010der prije kraja charter perioda, osim ako nije druga\u010dije dogovoreno s charter tvrtkom. Ukoliko najmoprimac ne mo\u017ee vratiti plovilo na vrijeme ili na dogovoreno mjesto, du\u017ean je odmah obavijestiti charter tvrtku i brokera i pridr\u017eavati se dobivenih uputa. Sve tro\u0161kove nastale zbog ka\u0161njenja snosi najmoprimac u skladu s odredbama statuta dru\u0161tva.<\/p>\n<\/div><\/div>\n<\/div><\/div>\n\n\n\n<div class=\"wp-block-univera-row univera-row container\" style=\"width:100%\"><div class=\"row-inner d-flex flex-wrap justify-content-start align-items-start row-normal\">\n<div class=\"wp-block-univera-column univera-column col-12 col-md-12 col-lg-12 order-1 order-md-1 order-lg-1\"><div class=\"inner-column pt-0 pe-0 pb-0 ps-0 pt-md-0 pe-md-0 pb-md-0 ps-md-0 pt-lg-0 pe-lg-0 pb-lg-0 ps-lg-0 rounded-0 shadow-none hover-shadow-none \" style=\"border-style:none\">\n<h3 class=\"wp-block-univera-heading\">Najam broda sa skiperom<\/h3>\n\n\n\n<p>Du\u017enosti unajmljenog skipera ograni\u010dene su samo na upravljanje plovilom i opremom te navigaciju. Najmoprimac i posada du\u017eni su bezuvjetno po\u0161tovati naredbe skipera tijekom plovidbe, u protivnom skiper mo\u017ee odustati od najma.<\/p>\n<\/div><\/div>\n<\/div><\/div>\n\n\n\n<div class=\"wp-block-univera-row univera-row container\" style=\"width:100%\"><div class=\"row-inner d-flex flex-wrap justify-content-start align-items-start row-normal\">\n<div class=\"wp-block-univera-column univera-column col-12 col-md-12 col-lg-12 order-1 order-md-1 order-lg-1\"><div class=\"inner-column pt-0 pe-0 pb-0 ps-0 pt-md-0 pe-md-0 pb-md-0 ps-md-0 pt-lg-0 pe-lg-0 pb-lg-0 ps-lg-0 rounded-0 shadow-none hover-shadow-none \" style=\"border-style:none\">\n<h3 class=\"wp-block-univera-heading\">Doma\u0107e \u017eivotinje<\/h3>\n\n\n\n<p>Nije dopu\u0161teno ukrcavanje doma\u0107ih \u017eivotinja na plovilo, osim ako je druga\u010dije unaprijed dogovoreno.<\/p>\n<\/div><\/div>\n<\/div><\/div>\n\n\n\n<div class=\"wp-block-univera-row univera-row container\" style=\"width:100%\"><div class=\"row-inner d-flex flex-wrap justify-content-start align-items-start row-normal\">\n<div class=\"wp-block-univera-column univera-column col-12 col-md-12 col-lg-12 order-1 order-md-1 order-lg-1\"><div class=\"inner-column pt-0 pe-0 pb-0 ps-0 pt-md-0 pe-md-0 pb-md-0 ps-md-0 pt-lg-0 pe-lg-0 pb-lg-0 ps-lg-0 rounded-0 shadow-none hover-shadow-none \" style=\"border-style:none\">\n<h3 class=\"wp-block-univera-heading\">Od\u0161tetni zahtjevi<\/h3>\n\n\n\n<p>Eventualne od\u0161tetne zahtjeve mo\u017eete podnijeti posredniku pisanim putem u roku od 8 dana nakon isteka najma, preporu\u010denom po\u0161tom. Mogu se odnositi samo na primjedbe i reklamacije koje su upisane u primopredajni zapisnik prilikom primopredaje plovila.<\/p>\n\n\n\n<p>Sve eventualne sporove posrednik i najmoprimac nastojat \u0107e rije\u0161iti mirnim putem. U slu\u010daju da to nije mogu\u0107e, za rje\u0161avanje sporova nadle\u017ean je sud na podru\u010dju sjedi\u0161ta posrednika.<\/p>\n<\/div><\/div>\n<\/div><\/div>\n\n\n\n<div class=\"wp-block-univera-row univera-row container\" style=\"width:100%\"><div class=\"row-inner d-flex flex-wrap justify-content-start align-items-start row-normal\">\n<div class=\"wp-block-univera-column univera-column col-12 col-md-12 col-lg-12 order-1 order-md-1 order-lg-1\"><div class=\"inner-column pt-0 pe-0 pb-0 ps-0 pt-md-0 pe-md-0 pb-md-0 ps-md-0 pt-lg-0 pe-lg-0 pb-lg-0 ps-lg-0 rounded-0 shadow-none hover-shadow-none \" style=\"border-style:none\">\n<p>Zadnja izmjena: 30.06.2020<\/p>\n<\/div><\/div>\n<\/div><\/div>\n<\/div>\n","protected":false},"excerpt":{"rendered":"","protected":false},"author":1,"featured_media":0,"parent":0,"menu_order":0,"comment_status":"closed","ping_status":"closed","template":"page-templates\/page-full-width.php","meta":{"_acf_changed":false,"footnotes":""},"class_list":["post-101353","page","type-page","status-publish","hentry"],"acf":[],"_links":{"self":[{"href":"https:\/\/thesailmaster.si\/hr\/wp-json\/wp\/v2\/pages\/101353","targetHints":{"allow":["GET"]}}],"collection":[{"href":"https:\/\/thesailmaster.si\/hr\/wp-json\/wp\/v2\/pages"}],"about":[{"href":"https:\/\/thesailmaster.si\/hr\/wp-json\/wp\/v2\/types\/page"}],"author":[{"embeddable":true,"href":"https:\/\/thesailmaster.si\/hr\/wp-json\/wp\/v2\/users\/1"}],"replies":[{"embeddable":true,"href":"https:\/\/thesailmaster.si\/hr\/wp-json\/wp\/v2\/comments?post=101353"}],"version-history":[{"count":24,"href":"https:\/\/thesailmaster.si\/hr\/wp-json\/wp\/v2\/pages\/101353\/revisions"}],"predecessor-version":[{"id":239222,"href":"https:\/\/thesailmaster.si\/hr\/wp-json\/wp\/v2\/pages\/101353\/revisions\/239222"}],"wp:attachment":[{"href":"https:\/\/thesailmaster.si\/hr\/wp-json\/wp\/v2\/media?parent=101353"}],"curies":[{"name":"wp","href":"https:\/\/api.w.org\/{rel}","templated":true}]}}