{"id":101341,"date":"2024-08-10T19:13:38","date_gmt":"2024-08-10T17:13:38","guid":{"rendered":"https:\/\/tsm.owjej.app\/?page_id=101341"},"modified":"2025-01-22T14:13:15","modified_gmt":"2025-01-22T13:13:15","slug":"privatnost-podataka","status":"publish","type":"page","link":"https:\/\/thesailmaster.si\/hr\/privatnost-podataka\/","title":{"rendered":"Privatnost Podataka"},"content":{"rendered":"\n<div class=\"univera-section pt-0 pb-0 \" style=\"background-size:cover;background-repeat:repeat;background-position:center;min-height:250px;position:relative\">\n<div class=\"wp-block-univera-row univera-row container\" style=\"width:100%\"><div class=\"row-inner d-flex flex-wrap justify-content-start align-items-start row-normal\">\n<div class=\"wp-block-univera-column univera-column col-12 col-md-12 col-lg-12 order-1 order-md-1 order-lg-1\"><div class=\"inner-column pt-0 pe-0 pb-0 ps-0 pt-md-0 pe-md-0 pb-md-0 ps-md-0 pt-lg-0 pe-lg-0 pb-lg-0 ps-lg-0 rounded-0 shadow-none hover-shadow-none \" style=\"border-style:none\">\n<h1 class=\"wp-block-univera-heading\">Privatnost Podataka<\/h1>\n<\/div><\/div>\n<\/div><\/div>\n\n\n\n<div class=\"wp-block-univera-row univera-row container\" style=\"width:100%\"><div class=\"row-inner d-flex flex-wrap justify-content-start align-items-start row-normal\">\n<div class=\"wp-block-univera-column univera-column col-12 col-md-12 col-lg-12 order-1 order-md-1 order-lg-1\"><div class=\"inner-column pt-0 pe-0 pb-0 ps-0 pt-md-0 pe-md-0 pb-md-0 ps-md-0 pt-lg-0 pe-lg-0 pb-lg-0 ps-lg-0 rounded-0 shadow-none hover-shadow-none \" style=\"border-style:none\">\n<h2 class=\"wp-block-univera-heading\">Op\u0107e<\/h2>\n\n\n\n<p>Gospodarska dru\u017eba Eolis, d.o.o., sa sjedi\u0161tem na adresi \u017delezna cesta 14, Ljubljana (u daljnjem tekstu: Eolis d.o.o.) po\u0161tuje privatnost i tretira kao povjerljive sve podatke dobivene od korisnika svojih usluga putem web stranice www.thesailmaster.si ili na drugi na\u010din, a koje je ima u svojim zbirkama zbog pru\u017eanja navedenih usluga i poslovanja. Obvezuje se bri\u017eljivo \u010duvati sve osobne podatke te ih ne\u0107e proslje\u0111ivati \u200b\u200btre\u0107im osobama, osim ukoliko je to potrebno za sklapanje ili realizaciju ugovora o najmu plovila ili drugih usluga, ili za provedbu va\u017ee\u0107e zakonske regulative.<\/p>\n\n\n\n<p>Tvrtka Eolis d.o.o. poduzima odgovaraju\u0107e tehni\u010dke i organizacijske mjere kako bi sprije\u010dio neovla\u0161teni pristup dobivenim osobnim podacima ili njihovo otkrivanje te odr\u017eao njihovu to\u010dnost. Ipak, zbog prirode online poslovanja i njegovog kontinuiranog napretka, ne mo\u017ee jam\u010diti potpunu i trajnu za\u0161titu podataka koje korisnici prenose na ili s web stranice www.thesailmaster.si, stoga nije odgovoran za njihovo neovla\u0161teno primanje, kori\u0161tenje ili otu\u0111enja i s tim povezanim \u0161tetnim radnjama tre\u0107ih osoba.<\/p>\n\n\n\n<p>Korisnici web stranice www.thesailmaster.si neopozivo potvr\u0111uju da su pristupanjem istoj, osim Op\u0107ih uvjeta kori\u0161tenja, pro\u010ditali i razumjeli va\u017ee\u0107a pravila o privatnosti i za\u0161titi osobnih podataka objavljena na istoj, te da su s istima suglasni kada ga koristite. Pra\u0107enjem web stranice mogu pratiti njihove eventualne promjene, a time i na\u010din i svrhu obrade prikupljenih osobnih podataka. Promjene stupaju na snagu od trenutka objave.<\/p>\n<\/div><\/div>\n<\/div><\/div>\n\n\n\n<div class=\"wp-block-univera-row univera-row container\" style=\"width:100%\"><div class=\"row-inner d-flex flex-wrap justify-content-start align-items-start row-normal\">\n<div class=\"wp-block-univera-column univera-column col-12 col-md-12 col-lg-12 order-1 order-md-1 order-lg-1\"><div class=\"inner-column pt-0 pe-0 pb-0 ps-0 pt-md-0 pe-md-0 pb-md-0 ps-md-0 pt-lg-0 pe-lg-0 pb-lg-0 ps-lg-0 rounded-0 shadow-none hover-shadow-none \" style=\"border-style:none\">\n<h2 class=\"wp-block-univera-heading\">O kola\u010di\u0107ima koji se koriste na web stranici www.thesailmaster.si<\/h2>\n\n\n\n<p>Kola\u010di\u0107i su neophodni za pru\u017eanje korisniku prilago\u0111enih internetskih usluga jer pregled sadr\u017eaja web stranice \u010dine u\u010dinkovitijim, a ujedno omogu\u0107uju i prepoznavanje je li korisnik ve\u0107 posjetio web stranicu.<\/p>\n\n\n\n<p>Zbog neometanog rada svoje web stranice i prepoznavanja najkorisnijih informacija za korisnike, koristi Eolis d.o.o. Google Analytics kola\u010di\u0107i. Podaci prikupljeni njima ne omogu\u0107uju osobnu identifikaciju korisnika.<\/p>\n<\/div><\/div>\n<\/div><\/div>\n\n\n\n<div class=\"wp-block-univera-row univera-row container\" style=\"width:100%\"><div class=\"row-inner d-flex flex-wrap justify-content-start align-items-start row-normal\">\n<div class=\"wp-block-univera-column univera-column col-12 col-md-12 col-lg-12 order-1 order-md-1 order-lg-1\"><div class=\"inner-column pt-0 pe-0 pb-0 ps-0 pt-md-0 pe-md-0 pb-md-0 ps-md-0 pt-lg-0 pe-lg-0 pb-lg-0 ps-lg-0 rounded-0 shadow-none hover-shadow-none \" style=\"border-style:none\">\n<h2 class=\"wp-block-univera-heading\">Za\u0161tita osobnih podataka<\/h2>\n<\/div><\/div>\n<\/div><\/div>\n\n\n\n<div class=\"wp-block-univera-row univera-row container\" style=\"width:100%\"><div class=\"row-inner d-flex flex-wrap justify-content-start align-items-start row-normal\">\n<div class=\"wp-block-univera-column univera-column col-12 col-md-12 col-lg-12 order-1 order-md-1 order-lg-1\"><div class=\"inner-column pt-0 pe-0 pb-0 ps-0 pt-md-0 pe-md-0 pb-md-0 ps-md-0 pt-lg-0 pe-lg-0 pb-lg-0 ps-lg-0 rounded-0 shadow-none hover-shadow-none \" style=\"border-style:none\">\n<h3 class=\"wp-block-univera-heading\">O prikupljanju i obradi osobnih podataka<\/h3>\n\n\n\n<p>Osobni podatak je svaka informacija koja identificira korisnika.<\/p>\n\n\n\n<p>Tvrtka Eolis d.o.o. u svrhu pru\u017eanja svojih usluga i poslovanja, a isklju\u010divo u tu svrhu, u skladu s va\u017ee\u0107im slovenskim i europskim zakonodavstvom (Zakon o za\u0161titi osobnih podataka, Zakon o za\u0161titi potro\u0161a\u010da, Zakon o elektroni\u010dkim komunikacijama i Op\u0107a uredba o za\u0161titi osobnih podataka) prikuplja te obra\u0111uje osobne podatke korisnika svojih usluga koje mu oni dostave kori\u0161tenjem web stranice www.thesailmaster.si ili na drugi na\u010din.<\/p>\n\n\n\n<p>Davanjem navedenih podataka korisnici daju privolu za njihovu obradu.<\/p>\n\n\n\n<p>Vrste osobnih podataka koji se prikupljaju:<\/p>\n\n\n\n<ul> <li>Ime i prezime<\/li> <li>Adresa prebivali\u0161ta<\/li> <li>Kontaktni broj telefona i broj faksa<\/li> <li>Adresa e-po\u0161te<\/li> <\/ul>\n\n\n\n<p>Prikupljeni podaci slu\u017ee:<\/p>\n\n\n\n<ul>\n<li>slanje e-novosti i obavijesti<\/li>\n<li>izravni marketing<\/li>\n<li>realizacija zahtjeva korisnika<\/li>\n<li>sklapanje i realizacija ugovora o najmu plovila i drugim uslugama<\/li>\n<li>analiza posjeta web stranici<\/li>\n<\/ul>\n\n\n\n<p>Na temelju privole pojedinog korisnika, dane izjavom ili na drugi jasan na\u010din, Eolis d.o.o kao administrator prikuplja i obra\u0111uje i ostale njegove osobne podatke.<\/p>\n<\/div><\/div>\n<\/div><\/div>\n\n\n\n<div class=\"wp-block-univera-row univera-row container\" style=\"width:100%\"><div class=\"row-inner d-flex flex-wrap justify-content-start align-items-start row-normal\">\n<div class=\"wp-block-univera-column univera-column col-12 col-md-12 col-lg-12 order-1 order-md-1 order-lg-1\"><div class=\"inner-column pt-0 pe-0 pb-0 ps-0 pt-md-0 pe-md-0 pb-md-0 ps-md-0 pt-lg-0 pe-lg-0 pb-lg-0 ps-lg-0 rounded-0 shadow-none hover-shadow-none \" style=\"border-style:none\">\n<h3 class=\"wp-block-univera-heading\">Prijavite se na e-novosti i obavijesti<\/h3>\n\n\n\n<p>Korisnici web stranice www.thesailmaster.si mogu se prijaviti na e-novosti i obavijesti kojima Eolis d.o.o. do otkazivanja obavje\u0161tava o posebnim ponudama, pogodnostima, novostima i drugim sadr\u017eajima vezanim uz usluge koje pru\u017ea.<\/p>\n\n\n\n<p>Korisnici koji se prijavljuju na newslettere i obavijesti dostavljaju svoju e-mail adresu te ime i prezime. Nakon \u0161to po\u0161aljete prijavnicu, na navedenu adresu dobit \u0107ete potvrdu. Nakon potvrde bit \u0107e dodani na popis primatelja newslettera i obavijesti.<\/p>\n<\/div><\/div>\n<\/div><\/div>\n\n\n\n<div class=\"wp-block-univera-row univera-row container\" style=\"width:100%\"><div class=\"row-inner d-flex flex-wrap justify-content-start align-items-start row-normal\">\n<div class=\"wp-block-univera-column univera-column col-12 col-md-12 col-lg-12 order-1 order-md-1 order-lg-1\"><div class=\"inner-column pt-0 pe-0 pb-0 ps-0 pt-md-0 pe-md-0 pb-md-0 ps-md-0 pt-lg-0 pe-lg-0 pb-lg-0 ps-lg-0 rounded-0 shadow-none hover-shadow-none \" style=\"border-style:none\">\n<h3 class=\"wp-block-univera-heading\">Prava korisnika<\/h3>\n\n\n\n<p>Svaki korisnik mo\u017ee u bilo kojem trenutku zatra\u017eiti pisanim putem ili klikom na gumb Odjava u e-vijestima da Eolis d.o.o. trajno ili privremeno prestane koristiti njegove osobne podatke u svrhu izravnog marketinga. Upravitelj \u0107e na navedeni zahtjev odgovoriti u roku od 15 dana i o tome obavijestiti korisnika.<\/p>\n\n\n\n<p>Svaki korisnik tako\u0111er ima pravo biti informiran. U svakom trenutku od voditelja obrade mo\u017eete zatra\u017eiti pristup svojim osobnim podacima, njihov ispravak, brisanje, prijenos ili ograni\u010denje obrade, a mo\u017eete i prigovoriti obradi.<\/p>\n\n\n\n<p>Voditelj obrade osobnih podataka je: Eolis d.o.o., \u017delezna cesta 14, SI-Ljubljana. Svoje nedoumice u vezi s privatno\u0161\u0107u i obradom osobnih podataka mo\u017eete poslati na info@thesailmaster.si<\/p>\n<\/div><\/div>\n<\/div><\/div>\n\n\n\n<div class=\"wp-block-univera-row univera-row container\" style=\"width:100%\"><div class=\"row-inner d-flex flex-wrap justify-content-start align-items-start row-normal\">\n<div class=\"wp-block-univera-column univera-column col-12 col-md-12 col-lg-12 order-1 order-md-1 order-lg-1\"><div class=\"inner-column pt-0 pe-0 pb-0 ps-0 pt-md-0 pe-md-0 pb-md-0 ps-md-0 pt-lg-0 pe-lg-0 pb-lg-0 ps-lg-0 rounded-0 shadow-none hover-shadow-none \" style=\"border-style:none\">\n<p>Zadnja izmjena: 30.06.2020<\/p>\n<\/div><\/div>\n<\/div><\/div>\n<\/div>\n","protected":false},"excerpt":{"rendered":"","protected":false},"author":1,"featured_media":0,"parent":0,"menu_order":0,"comment_status":"closed","ping_status":"closed","template":"page-templates\/page-full-width.php","meta":{"_acf_changed":false,"footnotes":""},"class_list":["post-101341","page","type-page","status-publish","hentry"],"acf":[],"_links":{"self":[{"href":"https:\/\/thesailmaster.si\/hr\/wp-json\/wp\/v2\/pages\/101341","targetHints":{"allow":["GET"]}}],"collection":[{"href":"https:\/\/thesailmaster.si\/hr\/wp-json\/wp\/v2\/pages"}],"about":[{"href":"https:\/\/thesailmaster.si\/hr\/wp-json\/wp\/v2\/types\/page"}],"author":[{"embeddable":true,"href":"https:\/\/thesailmaster.si\/hr\/wp-json\/wp\/v2\/users\/1"}],"replies":[{"embeddable":true,"href":"https:\/\/thesailmaster.si\/hr\/wp-json\/wp\/v2\/comments?post=101341"}],"version-history":[{"count":5,"href":"https:\/\/thesailmaster.si\/hr\/wp-json\/wp\/v2\/pages\/101341\/revisions"}],"predecessor-version":[{"id":239238,"href":"https:\/\/thesailmaster.si\/hr\/wp-json\/wp\/v2\/pages\/101341\/revisions\/239238"}],"wp:attachment":[{"href":"https:\/\/thesailmaster.si\/hr\/wp-json\/wp\/v2\/media?parent=101341"}],"curies":[{"name":"wp","href":"https:\/\/api.w.org\/{rel}","templated":true}]}}