{"id":101335,"date":"2024-08-07T12:41:54","date_gmt":"2024-08-07T10:41:54","guid":{"rendered":"https:\/\/tsm.owjej.app\/?page_id=101335"},"modified":"2025-11-28T15:27:48","modified_gmt":"2025-11-28T14:27:48","slug":"osiguranje","status":"publish","type":"page","link":"https:\/\/thesailmaster.si\/hr\/osiguranje\/","title":{"rendered":"Osiguranje"},"content":{"rendered":"\n<div class=\"univera-section pt-0 pb-0 \" style=\"background-size:cover;background-repeat:repeat;background-position:center;min-height:250px;position:relative\">\n<div class=\"wp-block-univera-row univera-row container\" style=\"width:100%\"><div class=\"row-inner d-flex flex-wrap justify-content-start align-items-start row-normal\">\n<div class=\"wp-block-univera-column univera-column col-12 col-md-12 col-lg-12 order-1 order-md-1 order-lg-1\"><div class=\"inner-column pt-0 pe-0 pb-0 ps-0 pt-md-0 pe-md-0 pb-md-0 ps-md-0 pt-lg-0 pe-lg-0 pb-lg-0 ps-lg-0 rounded-0 shadow-none hover-shadow-none \" style=\"border-style:none\">\n<h1 class=\"wp-block-univera-heading\">Osiguranje<\/h1>\n<\/div><\/div>\n<\/div><\/div>\n\n\n\n<div class=\"wp-block-univera-row univera-row container\" style=\"width:100%\"><div class=\"row-inner d-flex flex-wrap justify-content-start align-items-start row-large\">\n<div class=\"wp-block-univera-column univera-column col-12 col-md-6 col-lg-6 order-1 order-md-1 order-lg-1\"><div class=\"inner-column pt-0 pe-0 pb-0 ps-0 pt-md-0 pe-md-0 pb-md-0 ps-md-0 pt-lg-0 pe-lg-0 pb-lg-0 ps-lg-0 rounded-0 shadow-none hover-shadow-none \" style=\"border-style:none\">\n<h2 class=\"wp-block-univera-heading\">\u010carter Osiguranje<\/h2>\n\n\n\n<p>Njema\u010dka osiguravaju\u0107a ku\u0107a Yacht Pool uvrstila nas je kao svog slu\u017ebenog partnera u sustav agencija &#8220;Checked &amp; Trusted&#8221;, \u0161to su agencije koje zadovoljavaju njihove stroge uvjete solventnosti i financijske stabilnosti. Time su sva pla\u0107anja na\u0161ih klijenata za najam plovila dobila garanciju potpune sigurnosti.<\/p>\n\n\n\n<p>Uz najam plovila, omogu\u0107avamo i mogu\u0107nost sklapanja dodatnih \u010darter osiguranja:<\/p>\n\n\n\n<ul>\n<li>Osiguranje depozita<\/li>\n<li>Osiguranje rizika otkazivanja i tro\u0161kova skra\u0107ivanja putovanja<\/li>\n<li>Osiguranje odgovornosti skipera<\/li>\n<\/ul>\n<\/div><\/div>\n\n\n\n<div class=\"wp-block-univera-column univera-column col-12 col-md-6 col-lg-6 order-1 order-md-1 order-lg-1\"><div class=\"inner-column pt-0 pe-0 pb-0 ps-0 pt-md-0 pe-md-0 pb-md-0 ps-md-0 pt-lg-0 pe-lg-0 pb-lg-0 ps-lg-0 rounded-0 shadow-none hover-shadow-none \" style=\"border-style:none\">\n<div class=\"wp-block-univera-row univera-row container\" style=\"width:100%\"><div class=\"row-inner d-flex flex-wrap justify-content-start align-items-center row-normal\">\n<div class=\"wp-block-univera-column univera-column col-6 col-md-6 col-lg-5 order-1 order-md-1 order-lg-1\"><div class=\"inner-column pt-0 pe-0 pb-0 ps-0 pt-md-0 pe-md-0 pb-md-0 ps-md-0 pt-lg-0 pe-lg-0 pb-lg-0 ps-lg-0 rounded-0 shadow-none hover-shadow-none \" style=\"border-style:none\">\n<div class=\"wp-block-univera-image univera-img  m-auto\" style=\"width: 100%\"><img decoding=\"async\" src=\"https:\/\/thesailmaster.si\/wp-content\/uploads\/2025\/11\/CHECKED-TRUSTED-FINANCIAL-SECURITY-SYSTEM-2026.png\" alt=\"CHECKED &amp; TRUSTED - FINANCIAL SECURITY SYSTEM 2026\"\/><\/div>\n<\/div><\/div>\n\n\n\n<div class=\"wp-block-univera-column univera-column col-6 col-md-6 col-lg-5 order-1 order-md-1 order-lg-1\"><div class=\"inner-column pt-0 pe-0 pb-0 ps-0 pt-md-0 pe-md-0 pb-md-0 ps-md-0 pt-lg-0 pe-lg-0 pb-lg-0 ps-lg-0 rounded-0 shadow-none hover-shadow-none \" style=\"border-style:none\">\n<div class=\"wp-block-univera-image univera-img  m-auto\" style=\"width: 100%\"><img decoding=\"async\" src=\"https:\/\/thesailmaster.si\/wp-content\/uploads\/2024\/09\/yacht-pool-int.png\" alt=\"yacht-pool-int\"\/><\/div>\n<\/div><\/div>\n<\/div><\/div>\n<\/div><\/div>\n<\/div><\/div>\n\n\n\n<div class=\"wp-block-univera-row univera-row container\" style=\"width:100%\"><div class=\"row-inner d-flex flex-wrap justify-content-start align-items-center row-large\">\n<div class=\"wp-block-univera-column univera-column col-12 col-md-6 col-lg-6 order-2 order-md-1 order-lg-1\"><div class=\"inner-column pt-0 pe-0 pb-0 ps-0 pt-md-0 pe-md-0 pb-md-0 ps-md-0 pt-lg-0 pe-lg-0 pb-lg-0 ps-lg-0 rounded-0 shadow-none hover-shadow-none \" style=\"border-style:none\">\n<div class=\"wp-block-univera-row univera-row container\" style=\"width:100%\"><div class=\"row-inner d-flex flex-wrap justify-content-start align-items-center row-normal\">\n<div class=\"wp-block-univera-column univera-column col-12 col-md-12 col-lg-12 order-1 order-md-1 order-lg-1\"><div class=\"inner-column pt-0 pe-0 pb-0 ps-0 pt-md-0 pe-md-0 pb-md-0 ps-md-0 pt-lg-0 pe-lg-0 pb-lg-0 ps-lg-0 rounded-0 shadow-none hover-shadow-none \" style=\"border-style:none\">\n<div class=\"wp-block-univera-image univera-img  m-auto\" style=\"width: 100%\"><img decoding=\"async\" src=\"https:\/\/thesailmaster.si\/wp-content\/uploads\/2024\/08\/VZ_LOGO_sekundarni_RGB-1.png\" alt=\"VZ_LOGO_sekundarni_RGB 1\"\/><\/div>\n<\/div><\/div>\n<\/div><\/div>\n<\/div><\/div>\n\n\n\n<div class=\"wp-block-univera-column univera-column col-12 col-md-6 col-lg-6 order-1 order-md-2 order-lg-2\"><div class=\"inner-column pt-0 pe-0 pb-0 ps-0 pt-md-0 pe-md-0 pb-md-0 ps-md-0 pt-lg-0 pe-lg-0 pb-lg-0 ps-lg-0 rounded-0 shadow-none hover-shadow-none \" style=\"border-style:none\">\n<h2 class=\"wp-block-univera-heading\">Zdravstveno i nezgodno osiguranje<\/h2>\n\n\n\n<p>Kao slu\u017ebeni partner osiguravaju\u0107e ku\u0107e Vzajemna, omogu\u0107avamo na\u0161im klijentima i osobna osiguranja. Prilikom najma plovila mo\u017eete odabrati:<\/p>\n\n\n\n<ul>\n<li>Osiguranje za inozemstvo<\/li>\n<li>Dodatna pokri\u0107a za slu\u010daj nezgode u inozemstvu<\/li>\n<\/ul>\n<\/div><\/div>\n<\/div><\/div>\n<\/div>\n","protected":false},"excerpt":{"rendered":"","protected":false},"author":1,"featured_media":0,"parent":0,"menu_order":0,"comment_status":"closed","ping_status":"closed","template":"","meta":{"_acf_changed":false,"footnotes":""},"class_list":["post-101335","page","type-page","status-publish","hentry"],"acf":[],"_links":{"self":[{"href":"https:\/\/thesailmaster.si\/hr\/wp-json\/wp\/v2\/pages\/101335","targetHints":{"allow":["GET"]}}],"collection":[{"href":"https:\/\/thesailmaster.si\/hr\/wp-json\/wp\/v2\/pages"}],"about":[{"href":"https:\/\/thesailmaster.si\/hr\/wp-json\/wp\/v2\/types\/page"}],"author":[{"embeddable":true,"href":"https:\/\/thesailmaster.si\/hr\/wp-json\/wp\/v2\/users\/1"}],"replies":[{"embeddable":true,"href":"https:\/\/thesailmaster.si\/hr\/wp-json\/wp\/v2\/comments?post=101335"}],"version-history":[{"count":2,"href":"https:\/\/thesailmaster.si\/hr\/wp-json\/wp\/v2\/pages\/101335\/revisions"}],"predecessor-version":[{"id":242806,"href":"https:\/\/thesailmaster.si\/hr\/wp-json\/wp\/v2\/pages\/101335\/revisions\/242806"}],"wp:attachment":[{"href":"https:\/\/thesailmaster.si\/hr\/wp-json\/wp\/v2\/media?parent=101335"}],"curies":[{"name":"wp","href":"https:\/\/api.w.org\/{rel}","templated":true}]}}