{"id":101272,"date":"2024-09-18T07:55:19","date_gmt":"2024-09-18T05:55:19","guid":{"rendered":"https:\/\/tsm.owjej.app\/povprasevanje-za-darilni-bon\/"},"modified":"2025-01-29T12:51:53","modified_gmt":"2025-01-29T11:51:53","slug":"upit-za-darovni-bon","status":"publish","type":"page","link":"https:\/\/thesailmaster.si\/hr\/upit-za-darovni-bon\/","title":{"rendered":"Upit za darovni bon"},"content":{"rendered":"\n<div class=\"univera-section pt-0 pb-0 \" style=\"background-size:cover;background-repeat:repeat;background-position:center;min-height:250px;position:relative\">\n<div class=\"wp-block-univera-row univera-row container\" style=\"width:100%\"><div class=\"row-inner d-flex flex-wrap justify-content-start align-items-start row-normal\">\n<div class=\"wp-block-univera-column univera-column col-12 col-md-12 col-lg-8 order-1 order-md-1 order-lg-1\"><div class=\"inner-column pt-0 pe-0 pb-0 ps-0 pt-md-0 pe-md-0 pb-md-0 ps-md-0 pt-lg-0 pe-lg-0 pb-lg-0 ps-lg-0 rounded-0 shadow-none hover-shadow-none \" style=\"border-style:none\">\n<h1 class=\"wp-block-univera-heading\">Upit za Darovni Bon<\/h1>\n\n\n\n<p>Tra\u017eite jedinstveni poklon za nekoga posebnog? S na\u0161im poklon bonovima mo\u017eete omogu\u0107iti sanjsko iskustvo najma broda ili jahte. Bonovi su dostupni u iznosima od 100 \u20ac, 200 \u20ac, 300 \u20ac ili prilago\u0111enim iznosima, koje obdareni mo\u017ee iskoristiti kao popust za najam plovila po vlastitom izboru. Neka poklon ne bude samo predmet, ve\u0107 nezaboravna avantura na moru, gdje \u0107e u\u017eivati u luksuznoj plovidbi i istra\u017eivanju prekrasnih obalnih destinacija.<\/p>\n\n\n\n<p>Na\u0161i darilni boni ponujajo prilo\u017enost za popoln pobeg na morje, kjer si prejemnik sam izbere med razli\u010dnimi plovili in destinacijami. Boni so prilagodljivi, zato lahko izbirate med fiksnimi vrednostmi ali dolo\u010dite znesek po meri glede na va\u0161e \u017eelje. Presenetite z darilom, ki ponuja ve\u010d kot le luksuz \u2013 omogo\u010dite nepozabno izku\u0161njo na valovih!<\/p>\n<\/div><\/div>\n\n\n\n<div class=\"wp-block-univera-column univera-column col-12 col-md-12 col-lg-6 order-1 order-md-1 order-lg-1\"><div class=\"inner-column pt-0 pe-0 pb-0 ps-0 pt-md-0 pe-md-0 pb-md-0 ps-md-0 pt-lg-0 pe-lg-0 pb-lg-0 ps-lg-0 rounded-0 shadow-none hover-shadow-none \" style=\"border-style:none\">\n<div class=\"wp-block-univera-form univera-form\"><div>\n<div class=\"wpcf7 no-js\" id=\"wpcf7-f89582-o1\" lang=\"sl-SI\" dir=\"ltr\">\n<div class=\"screen-reader-response\"><p role=\"status\" aria-live=\"polite\" aria-atomic=\"true\"><\/p> <ul><\/ul><\/div>\n<form action=\"\/wp-json\/univera\/v1\/get-forms?_locale=user#wpcf7-f89582-o1\" method=\"post\" class=\"wpcf7-form init\" aria-label=\"Contact form\" novalidate=\"novalidate\" data-status=\"init\">\n<div style=\"display: none;\">\n<input type=\"hidden\" name=\"_wpcf7\" value=\"89582\" \/>\n<input type=\"hidden\" name=\"_wpcf7_version\" value=\"5.9.8\" \/>\n<input type=\"hidden\" name=\"_wpcf7_locale\" value=\"sl_SI\" \/>\n<input type=\"hidden\" name=\"_wpcf7_unit_tag\" value=\"wpcf7-f89582-o1\" \/>\n<input type=\"hidden\" name=\"_wpcf7_container_post\" value=\"0\" \/>\n<input type=\"hidden\" name=\"_wpcf7_posted_data_hash\" value=\"\" \/>\n<\/div>\n<div class=\"contact-form-fields-wrapper d-flex flex-column gap-3\">\n\t<div class=\"contact-form-name d-flex flex-column gap-1\">\n\t\t<p><label>Ime in Priimek<\/label><br \/>\n<span class=\"wpcf7-form-control-wrap\" data-name=\"name-surname\"><input size=\"40\" maxlength=\"400\" class=\"wpcf7-form-control wpcf7-text wpcf7-validates-as-required\" aria-required=\"true\" aria-invalid=\"false\" value=\"\" type=\"text\" name=\"name-surname\" \/><\/span>\n\t\t<\/p>\n\t<\/div>\n\t<div class=\"contact-form-partner-type d-flex flex-column gap-1\">\n\t\t<p><label>Darilni bon<\/label><br \/>\n<span class=\"wpcf7-form-control-wrap\" data-name=\"darilni-bon\"><select class=\"wpcf7-form-control wpcf7-select wpcf7-validates-as-required\" id=\"coupon-select\" aria-required=\"true\" aria-invalid=\"false\" name=\"darilni-bon\"><option value=\"100 \u20ac\">100 \u20ac<\/option><option value=\"200 \u20ac\">200 \u20ac<\/option><option value=\"300 \u20ac\">300 \u20ac<\/option><option value=\"Po meri (napi\u0161i vrednost v sporo\u010dilu)\">Po meri (napi\u0161i vrednost v sporo\u010dilu)<\/option><\/select><\/span>\n\t\t<\/p>\n\t<\/div>\n\t<div class=\"d-flex flex-column flex-md-row flex-lg-row gap-3\">\n\t\t<div class=\"contact-form-email d-flex flex-column gap-1\">\n\t\t\t<p><label>E-po\u0161tni naslov<\/label><br \/>\n<span class=\"wpcf7-form-control-wrap\" data-name=\"email\"><input size=\"40\" maxlength=\"400\" class=\"wpcf7-form-control wpcf7-email wpcf7-validates-as-required wpcf7-text wpcf7-validates-as-email\" aria-required=\"true\" aria-invalid=\"false\" value=\"\" type=\"email\" name=\"email\" \/><\/span>\n\t\t\t<\/p>\n\t\t<\/div>\n\t\t<div class=\"contact-form-phone d-flex flex-column gap-1\">\n\t\t\t<p><label>Telefon<\/label><br \/>\n<span class=\"wpcf7-form-control-wrap\" data-name=\"tel\"><input size=\"40\" maxlength=\"400\" class=\"wpcf7-form-control wpcf7-tel wpcf7-validates-as-required wpcf7-text wpcf7-validates-as-tel\" aria-required=\"true\" aria-invalid=\"false\" value=\"\" type=\"tel\" name=\"tel\" \/><\/span>\n\t\t\t<\/p>\n\t\t<\/div>\n\t<\/div>\n\t<div class=\"contact-form-message d-flex flex-column gap-1\">\n\t\t<p><label>Sporo\u010dilo<\/label><br \/>\n<span class=\"wpcf7-form-control-wrap\" data-name=\"message\"><textarea cols=\"40\" rows=\"5\" maxlength=\"2000\" class=\"wpcf7-form-control wpcf7-textarea wpcf7-validates-as-required\" aria-required=\"true\" aria-invalid=\"false\" name=\"message\"><\/textarea><\/span>\n\t\t<\/p>\n\t<\/div>\n\t<div class=\"contact-form-send-button d-flex flex-column gap-1\">\n\t\t<p><input class=\"wpcf7-form-control wpcf7-submit has-spinner btn btn-secondary\" type=\"submit\" value=\"Po\u0161lji\" \/>\n\t\t<\/p>\n\t<\/div>\n<\/div><div class=\"wpcf7-response-output\" aria-hidden=\"true\"><\/div>\n<\/form>\n<\/div>\n<\/div><\/div>\n<\/div><\/div>\n<\/div><\/div>\n<\/div>\n","protected":false},"excerpt":{"rendered":"","protected":false},"author":1,"featured_media":0,"parent":0,"menu_order":0,"comment_status":"closed","ping_status":"closed","template":"","meta":{"_acf_changed":false,"footnotes":""},"class_list":["post-101272","page","type-page","status-publish","hentry"],"acf":[],"_links":{"self":[{"href":"https:\/\/thesailmaster.si\/hr\/wp-json\/wp\/v2\/pages\/101272","targetHints":{"allow":["GET"]}}],"collection":[{"href":"https:\/\/thesailmaster.si\/hr\/wp-json\/wp\/v2\/pages"}],"about":[{"href":"https:\/\/thesailmaster.si\/hr\/wp-json\/wp\/v2\/types\/page"}],"author":[{"embeddable":true,"href":"https:\/\/thesailmaster.si\/hr\/wp-json\/wp\/v2\/users\/1"}],"replies":[{"embeddable":true,"href":"https:\/\/thesailmaster.si\/hr\/wp-json\/wp\/v2\/comments?post=101272"}],"version-history":[{"count":3,"href":"https:\/\/thesailmaster.si\/hr\/wp-json\/wp\/v2\/pages\/101272\/revisions"}],"predecessor-version":[{"id":238920,"href":"https:\/\/thesailmaster.si\/hr\/wp-json\/wp\/v2\/pages\/101272\/revisions\/238920"}],"wp:attachment":[{"href":"https:\/\/thesailmaster.si\/hr\/wp-json\/wp\/v2\/media?parent=101272"}],"curies":[{"name":"wp","href":"https:\/\/api.w.org\/{rel}","templated":true}]}}