{"id":101188,"date":"2024-08-01T11:27:04","date_gmt":"2024-08-01T09:27:04","guid":{"rendered":"https:\/\/tsm.owjej.app\/?page_id=101188"},"modified":"2026-03-12T11:26:06","modified_gmt":"2026-03-12T10:26:06","slug":"kontakt","status":"publish","type":"page","link":"https:\/\/thesailmaster.si\/hr\/kontakt\/","title":{"rendered":"Kontakt"},"content":{"rendered":"\n<div class=\"univera-section pt-0 pb-0 \" style=\"background-size:cover;background-repeat:repeat;background-position:center;min-height:250px;position:relative\">\n<div class=\"wp-block-univera-row univera-row container\" style=\"width:100%\"><div class=\"row-inner d-flex flex-wrap justify-content-start align-items-start row-normal\">\n<div class=\"wp-block-univera-column univera-column col-12 col-md-12 col-lg-12 order-1 order-md-1 order-lg-1\"><div class=\"inner-column pt-0 pe-0 pb-0 ps-0 pt-md-0 pe-md-0 pb-md-0 ps-md-0 pt-lg-0 pe-lg-0 pb-lg-0 ps-lg-0 rounded-0 shadow-none hover-shadow-none \" style=\"border-style:none\">\n<h1 class=\"wp-block-univera-heading\">Kontaktirajte nas<\/h1>\n<\/div><\/div>\n<\/div><\/div>\n\n\n\n<div class=\"wp-block-univera-row univera-row container\" style=\"width:100%\"><div class=\"row-inner d-flex flex-wrap justify-content-start align-items-start row-large\">\n<div class=\"wp-block-univera-column univera-column col-12 col-md-6 col-lg-6 order-1 order-md-1 order-lg-1\"><div class=\"inner-column pt-0 pe-0 pb-0 ps-0 pt-md-0 pe-md-0 pb-md-0 ps-md-0 pt-lg-0 pe-lg-0 pb-lg-0 ps-lg-0 rounded-0 shadow-none hover-shadow-none \" style=\"border-style:none\">\n<p>Kontaktirajte nas putem navedenih podataka ili ispunite polja ispod i po\u0161aljite nam poruku. Odgovorit \u0107emo vam u najkra\u0107em mogu\u0107em roku.<\/p>\n\n\n\n<div class=\"contact-page-social-icons-wrapper d-flex flex-column gap-3\">\n    <div class=\"social-icon-wrapper d-flex flex-wrap flex-row gap-3 align-items-center\">\n        <img decoding=\"async\" src=\"\/wp-content\/uploads\/2024\/08\/contact-email-icon.svg\" alt=\"Email\">\n        <a href=\"mailto:info@thesailmaster.si\">info@thesailmaster.si<\/a>\n    <\/div>\n    <div class=\"social-icon-wrapper d-flex flex-wrap flex-row gap-3 align-items-center\">\n        <img decoding=\"async\" src=\"\/wp-content\/uploads\/2024\/08\/contact-phone-icon.svg\" alt=\"Email\">\n        <a href=\"tel:0038659905700\">+386 (0)5 990 57 00<\/a>\n    <\/div>\n    <div class=\"social-icon-wrapper d-flex flex-wrap flex-row gap-3 align-items-center\">\n        <img decoding=\"async\" src=\"\/wp-content\/uploads\/2024\/08\/contact-mobile-icon.svg\" alt=\"Email\">\n        <a href=\"tel:0038651337999\">+386 (0)51 337 999<\/a>\n    <\/div>\n<\/div>\n\n\n\n<div class=\"wp-block-univera-separator univera-separator d-flex mt-3 mb-3 justify-content-center contact-page-seperator\"><hr style=\"background-color:#000;color:#000;width:100%;height:1px\"\/><\/div>\n\n\n\n<p class=\"mb-5\"><strong>Eolis d.o.o.<br><\/strong>\u017delezna cesta 14<br>SI-1000 Ljubljana<\/p>\n\n\n\n<p class=\"mb-5\">OIB za PDV: SI46735933<br>Obveznik PDV-a: DA<br>Mati\u010dni broj: 6960944000<\/p>\n\n\n\n<p><strong>Tvrtka je registrirana pri Okru\u017enom sudu u Ljubljani, Srg 2015\/50386.<\/strong><br>IBAN: SI56 0284 3030 0019 919 (NLB &#8211; Nova Ljubljanska banka)<br>SWIFT \/ BIC: LJBASI2X<\/p>\n<\/div><\/div>\n\n\n\n<div class=\"wp-block-univera-column univera-column col-12 col-md-6 col-lg-6 order-1 order-md-1 order-lg-1\"><div class=\"inner-column pt-0 pe-0 pb-0 ps-0 pt-md-0 pe-md-0 pb-md-0 ps-md-0 pt-lg-0 pe-lg-0 pb-lg-0 ps-lg-0 rounded-0 shadow-none hover-shadow-none \" style=\"border-style:none\">\n<div class=\"wp-block-univera-form univera-form\"><div>\n<div class=\"wpcf7 no-js\" id=\"wpcf7-f239258-o9\" lang=\"hr\" dir=\"ltr\" data-wpcf7-id=\"239258\">\n<div class=\"screen-reader-response\"><p role=\"status\" aria-live=\"polite\" aria-atomic=\"true\"><\/p> <ul><\/ul><\/div>\n<form action=\"\/hr\/wp-json\/univera\/v1\/get-forms?_locale=user#wpcf7-f239258-o9\" method=\"post\" class=\"wpcf7-form init\" aria-label=\"Kontakt obrazac\" novalidate=\"novalidate\" data-status=\"init\">\n<div style=\"display: none;\">\n<input type=\"hidden\" name=\"_wpcf7\" value=\"239258\" \/>\n<input type=\"hidden\" name=\"_wpcf7_version\" value=\"6.0.4\" \/>\n<input type=\"hidden\" name=\"_wpcf7_locale\" value=\"hr\" \/>\n<input type=\"hidden\" name=\"_wpcf7_unit_tag\" value=\"wpcf7-f239258-o9\" \/>\n<input type=\"hidden\" name=\"_wpcf7_container_post\" value=\"0\" \/>\n<input type=\"hidden\" name=\"_wpcf7_posted_data_hash\" value=\"\" \/>\n<input type=\"hidden\" name=\"_wpcf7_recaptcha_response\" value=\"\" \/>\n<\/div>\n<div class=\"contact-form-fields-wrapper d-flex flex-column gap-3\">\n\t<div class=\"contact-form-name d-flex flex-column gap-1\">\n\t\t<p><label>Ime i Prezime<\/label><br \/>\n<span class=\"wpcf7-form-control-wrap\" data-name=\"name-surname\"><input size=\"40\" maxlength=\"400\" class=\"wpcf7-form-control wpcf7-text wpcf7-validates-as-required\" aria-required=\"true\" aria-invalid=\"false\" value=\"\" type=\"text\" name=\"name-surname\" \/><\/span>\n\t\t<\/p>\n\t<\/div>\n\t<div class=\"contact-form-email d-flex flex-column gap-1\">\n\t\t<p><label>E-mail adresa<\/label><br \/>\n<span class=\"wpcf7-form-control-wrap\" data-name=\"email\"><input size=\"40\" maxlength=\"400\" class=\"wpcf7-form-control wpcf7-email wpcf7-validates-as-required wpcf7-text wpcf7-validates-as-email\" aria-required=\"true\" aria-invalid=\"false\" value=\"\" type=\"email\" name=\"email\" \/><\/span>\n\t\t<\/p>\n\t<\/div>\n\t<div class=\"contact-form-phone d-flex flex-column gap-1\">\n\t\t<p><label>Telefon<\/label><br \/>\n<span class=\"wpcf7-form-control-wrap\" data-name=\"tel\"><input size=\"40\" maxlength=\"400\" class=\"wpcf7-form-control wpcf7-tel wpcf7-validates-as-required wpcf7-text wpcf7-validates-as-tel\" aria-required=\"true\" aria-invalid=\"false\" value=\"\" type=\"tel\" name=\"tel\" \/><\/span>\n\t\t<\/p>\n\t<\/div>\n\t<div class=\"contact-form-message d-flex flex-column gap-1\">\n\t\t<p><label>Poruka<\/label><br \/>\n<span class=\"wpcf7-form-control-wrap\" data-name=\"message\"><textarea cols=\"40\" rows=\"5\" maxlength=\"2000\" class=\"wpcf7-form-control wpcf7-textarea wpcf7-validates-as-required\" aria-required=\"true\" aria-invalid=\"false\" name=\"message\"><\/textarea><\/span>\n\t\t<\/p>\n\t<\/div>\n\t<div class=\"contact-form-send-button d-flex flex-column gap-1\">\n\t\t<p><input class=\"wpcf7-form-control wpcf7-submit has-spinner btn btn-secondary\" type=\"submit\" value=\"Po\u0161alji\" \/>\n\t\t<\/p>\n\t<\/div>\n<\/div><div class=\"wpcf7-response-output\" aria-hidden=\"true\"><\/div>\n<\/form>\n<\/div>\n<\/div><\/div>\n<\/div><\/div>\n<\/div><\/div>\n<\/div>\n","protected":false},"excerpt":{"rendered":"","protected":false},"author":1,"featured_media":0,"parent":0,"menu_order":0,"comment_status":"closed","ping_status":"closed","template":"page-templates\/page-full-width.php","meta":{"_acf_changed":false,"footnotes":""},"class_list":["post-101188","page","type-page","status-publish","hentry"],"acf":[],"_links":{"self":[{"href":"https:\/\/thesailmaster.si\/hr\/wp-json\/wp\/v2\/pages\/101188","targetHints":{"allow":["GET"]}}],"collection":[{"href":"https:\/\/thesailmaster.si\/hr\/wp-json\/wp\/v2\/pages"}],"about":[{"href":"https:\/\/thesailmaster.si\/hr\/wp-json\/wp\/v2\/types\/page"}],"author":[{"embeddable":true,"href":"https:\/\/thesailmaster.si\/hr\/wp-json\/wp\/v2\/users\/1"}],"replies":[{"embeddable":true,"href":"https:\/\/thesailmaster.si\/hr\/wp-json\/wp\/v2\/comments?post=101188"}],"version-history":[{"count":8,"href":"https:\/\/thesailmaster.si\/hr\/wp-json\/wp\/v2\/pages\/101188\/revisions"}],"predecessor-version":[{"id":243535,"href":"https:\/\/thesailmaster.si\/hr\/wp-json\/wp\/v2\/pages\/101188\/revisions\/243535"}],"wp:attachment":[{"href":"https:\/\/thesailmaster.si\/hr\/wp-json\/wp\/v2\/media?parent=101188"}],"curies":[{"name":"wp","href":"https:\/\/api.w.org\/{rel}","templated":true}]}}