{"id":101169,"date":"2024-09-10T10:48:19","date_gmt":"2024-09-10T08:48:19","guid":{"rendered":"https:\/\/tsm.owjej.app\/poklon-bonovi\/"},"modified":"2025-01-31T10:22:20","modified_gmt":"2025-01-31T09:22:20","slug":"poklon-bonovi","status":"publish","type":"page","link":"https:\/\/thesailmaster.si\/hr\/poklon-bonovi\/","title":{"rendered":"Poklon bonovi"},"content":{"rendered":"\n<div class=\"univera-section pt-0 pb-0 \" style=\"background-size:cover;background-repeat:repeat;background-position:center;min-height:250px;position:relative\">\n<div class=\"wp-block-univera-row univera-row container\" style=\"width:100%\"><div class=\"row-inner d-flex flex-wrap justify-content-start align-items-start row-normal\">\n<div class=\"wp-block-univera-column univera-column col-12 col-md-12 col-lg-12 order-1 order-md-1 order-lg-1\"><div class=\"inner-column pt-0 pe-0 pb-0 ps-0 pt-md-0 pe-md-0 pb-md-0 ps-md-0 pt-lg-0 pe-lg-0 pb-lg-0 ps-lg-0 rounded-0 shadow-none hover-shadow-none \" style=\"border-style:none\">\n<h1 class=\"wp-block-univera-heading\">Poklonite Darovni Bon<\/h1>\n<\/div><\/div>\n<\/div><\/div>\n\n\n\n<div class=\"wp-block-univera-row univera-row container\" style=\"width:100%\"><div class=\"row-inner d-flex flex-wrap justify-content-start align-items-start row-normal\">\n<div class=\"wp-block-univera-column univera-column col-12 col-md-12 col-lg-12 order-1 order-md-1 order-lg-1\"><div class=\"inner-column pt-0 pe-0 pb-0 ps-0 pt-md-0 pe-md-0 pb-md-0 ps-md-0 pt-lg-0 pe-lg-0 pb-lg-0 ps-lg-0 rounded-0 shadow-none hover-shadow-none \" style=\"border-style:none\">\n<h2 class=\"wp-block-univera-heading\">Ima li netko od va\u0161ih bli\u017enjih \u017eelju za jedrenjem?<\/h2>\r\n\n\n\n<p>Nemate ideju za poklon? \u017deli li netko od va\u0161ih bli\u017enjih odmor na brodu? Imamo savr\u0161eno rje\u0161enje za vas \u2013 poklonite darovni bon TheSailmaster.<\/p>\n\n\n\n<p>Va\u017ei za bilo koju plovilu i u bilo kojem terminu na\u0161eg raznolikog izbora ponuda. Bon mo\u017eemo personalizirati u \u017eeljenom iznosu i prilagoditi ga s \u017eeljenim imenom<\/p>\r\n\n\n\n<p>Za narud\u017ebu ili dodatne informacije kontaktirajte nas putem <a href=\"https:\/\/thesailmaster.si\/hr\/kontakt\/\" data-type=\"page\" data-id=\"13143\">kontakt obrasca<\/a>, putem e-maila na <strong><a href=\"mailto:info@thesailmaster.si\">info@thesailmaster.si<\/a><\/strong> ili nas nazovite na <a href=\"tel:0038651337999\">051 337 999<\/a>.<\/p>\n<\/div><\/div>\n<\/div><\/div>\n\n\n\n<div class=\"wp-block-univera-row univera-row container\" style=\"width:100%\"><div class=\"row-inner d-flex flex-wrap justify-content-start align-items-start row-normal\">\n<div class=\"wp-block-univera-column univera-column col-12 col-md-12 col-lg-12 order-1 order-md-1 order-lg-1\"><div class=\"inner-column pt-0 pe-0 pb-0 ps-0 pt-md-0 pe-md-0 pb-md-0 ps-md-0 pt-lg-0 pe-lg-0 pb-lg-0 ps-lg-0 rounded-0 shadow-none hover-shadow-none \" style=\"border-style:none\">\n<h2 class=\"wp-block-univera-heading\">Vrste poklon bonova<\/h2>\r\n\n\n\n<p>Mo\u017eete birati izme\u0111u darovnih bonova u vrijednosti od 100 \u20ac, 200 \u20ac i 300 \u20ac, ili pokloniti bon po mjeri i sami odabrati iznos.<\/p>\n<\/div><\/div>\n<\/div><\/div>\n\n\n\n<div class=\"wp-block-univera-row univera-row container\" style=\"width:100%\"><div class=\"row-inner d-flex flex-wrap justify-content-start align-items-start row-normal\">\n<div class=\"wp-block-univera-column univera-column col-12 col-md-12 col-lg-12 order-1 order-md-1 order-lg-1\"><div class=\"inner-column pt-0 pe-0 pb-0 ps-0 pt-md-0 pe-md-0 pb-md-0 ps-md-0 pt-lg-0 pe-lg-0 pb-lg-0 ps-lg-0 rounded-0 shadow-none hover-shadow-none \" style=\"border-style:none\">\n<section data-slick=\"{&quot;draggable&quot;:true,&quot;dots&quot;:true,&quot;arrows&quot;:true,&quot;autoplay&quot;:false,&quot;autoplaySpeed&quot;:1500,&quot;adaptiveHeight&quot;:false,&quot;variableWidth&quot;:false,&quot;slidesToShow&quot;:4,&quot;slidesToScroll&quot;:1,&quot;speed&quot;:1000,&quot;infinite&quot;:false,&quot;responsive&quot;:[{&quot;breakpoint&quot;:1024,&quot;settings&quot;:{&quot;slidesToShow&quot;:2,&quot;slidesToScroll&quot;:2,&quot;arrows&quot;:false,&quot;dots&quot;:true}},{&quot;breakpoint&quot;:768,&quot;settings&quot;:{&quot;slidesToShow&quot;:1,&quot;slidesToScroll&quot;:1,&quot;arrows&quot;:false,&quot;dots&quot;:true}},{&quot;breakpoint&quot;:600,&quot;settings&quot;:{&quot;slidesToShow&quot;:1,&quot;slidesToScroll&quot;:1,&quot;arrows&quot;:false,&quot;dots&quot;:true}},{&quot;breakpoint&quot;:480,&quot;settings&quot;:{&quot;slidesToShow&quot;:1,&quot;slidesToScroll&quot;:1,&quot;arrows&quot;:false,&quot;dots&quot;:true}}],&quot;centerMode&quot;:false,&quot;fade&quot;:false,&quot;cssEase&quot;:&quot;ease&quot;,&quot;pauseOnHover&quot;:true,&quot;pauseOnFocus&quot;:true,&quot;pauseOnDotsHover&quot;:true,&quot;swipe&quot;:true,&quot;swipeToSlide&quot;:true}\" class=\"wp-block-univera-slick-slider univera-slick-slider slide-spacing-normal  slide-nav-color-light draggable\"><div class=\"univera-slick-slider-slide\">\n\n<div class=\"wp-block-univera-image univera-img  m-auto\" style=\"width: 100%\"><a href=\"https:\/\/thesailmaster.si\/povprasevanje-za-darilni-bon\/?coupon=100\"><img decoding=\"async\" src=\"https:\/\/thesailmaster.si\/wp-content\/uploads\/2024\/09\/vaucher-100.png\" alt=\"vaucher-100\"\/><\/a><\/div>\n\n<\/div>\n\n<div class=\"univera-slick-slider-slide\">\n\n<div class=\"wp-block-univera-image univera-img  m-auto\" style=\"width: 100%\"><a href=\"https:\/\/thesailmaster.si\/povprasevanje-za-darilni-bon\/?coupon=200\"><img decoding=\"async\" src=\"https:\/\/thesailmaster.si\/wp-content\/uploads\/2024\/09\/vaucher-200.png\" alt=\"vaucher-200\"\/><\/a><\/div>\n\n<\/div>\n\n<div class=\"univera-slick-slider-slide\">\n\n<div class=\"wp-block-univera-image univera-img  m-auto\" style=\"width: 100%\"><a href=\"https:\/\/thesailmaster.si\/povprasevanje-za-darilni-bon\/?coupon=300\"><img decoding=\"async\" src=\"https:\/\/thesailmaster.si\/wp-content\/uploads\/2024\/09\/vaucher-300.png\" alt=\"vaucher-300\"\/><\/a><\/div>\n\n<\/div>\n\n<div class=\"univera-slick-slider-slide\">\n\n<div class=\"wp-block-univera-image univera-img  m-auto\" style=\"width: 100%\"><a href=\"https:\/\/thesailmaster.si\/povprasevanje-za-darilni-bon\/?coupon=custom\"><img decoding=\"async\" src=\"https:\/\/thesailmaster.si\/wp-content\/uploads\/2024\/09\/vaucer-custom.png\" alt=\"vaucer-custom\"\/><\/a><\/div>\n\n<\/div><\/section>\n<\/div><\/div>\n<\/div><\/div>\n<\/div>\n","protected":false},"excerpt":{"rendered":"","protected":false},"author":1,"featured_media":0,"parent":0,"menu_order":0,"comment_status":"closed","ping_status":"closed","template":"page-templates\/page-full-width.php","meta":{"_acf_changed":false,"footnotes":""},"class_list":["post-101169","page","type-page","status-publish","hentry"],"acf":[],"_links":{"self":[{"href":"https:\/\/thesailmaster.si\/hr\/wp-json\/wp\/v2\/pages\/101169","targetHints":{"allow":["GET"]}}],"collection":[{"href":"https:\/\/thesailmaster.si\/hr\/wp-json\/wp\/v2\/pages"}],"about":[{"href":"https:\/\/thesailmaster.si\/hr\/wp-json\/wp\/v2\/types\/page"}],"author":[{"embeddable":true,"href":"https:\/\/thesailmaster.si\/hr\/wp-json\/wp\/v2\/users\/1"}],"replies":[{"embeddable":true,"href":"https:\/\/thesailmaster.si\/hr\/wp-json\/wp\/v2\/comments?post=101169"}],"version-history":[{"count":6,"href":"https:\/\/thesailmaster.si\/hr\/wp-json\/wp\/v2\/pages\/101169\/revisions"}],"predecessor-version":[{"id":239234,"href":"https:\/\/thesailmaster.si\/hr\/wp-json\/wp\/v2\/pages\/101169\/revisions\/239234"}],"wp:attachment":[{"href":"https:\/\/thesailmaster.si\/hr\/wp-json\/wp\/v2\/media?parent=101169"}],"curies":[{"name":"wp","href":"https:\/\/api.w.org\/{rel}","templated":true}]}}