{"id":101440,"date":"2024-08-10T19:13:25","date_gmt":"2024-08-10T17:13:25","guid":{"rendered":"https:\/\/tsm.owjej.app\/?page_id=101440"},"modified":"2025-01-22T13:37:12","modified_gmt":"2025-01-22T12:37:12","slug":"terms-and-conditions-of-use","status":"publish","type":"page","link":"https:\/\/thesailmaster.si\/en\/terms-and-conditions-of-use\/","title":{"rendered":"Terms and Conditions of Use"},"content":{"rendered":"\n<div class=\"univera-section pt-0 pb-0 \" style=\"background-size:cover;background-repeat:repeat;background-position:center;min-height:250px;position:relative\">\n<div class=\"wp-block-univera-row univera-row container\" style=\"width:100%\"><div class=\"row-inner d-flex flex-wrap justify-content-start align-items-start row-normal\">\n<div class=\"wp-block-univera-column univera-column col-12 col-md-12 col-lg-12 order-1 order-md-1 order-lg-1\"><div class=\"inner-column pt-0 pe-0 pb-0 ps-0 pt-md-0 pe-md-0 pb-md-0 ps-md-0 pt-lg-0 pe-lg-0 pb-lg-0 ps-lg-0 rounded-0 shadow-none hover-shadow-none \" style=\"border-style:none\">\n<h1 class=\"wp-block-univera-heading\">Terms and Conditions<\/h1>\n<\/div><\/div>\n<\/div><\/div>\n\n\n\n<div class=\"wp-block-univera-row univera-row container\" style=\"width:100%\"><div class=\"row-inner d-flex flex-wrap justify-content-start align-items-start row-normal\">\n<div class=\"wp-block-univera-column univera-column col-12 col-md-12 col-lg-12 order-1 order-md-1 order-lg-1\"><div class=\"inner-column pt-0 pe-0 pb-0 ps-0 pt-md-0 pe-md-0 pb-md-0 ps-md-0 pt-lg-0 pe-lg-0 pb-lg-0 ps-lg-0 rounded-0 shadow-none hover-shadow-none \" style=\"border-style:none\">\n<h2 class=\"wp-block-univera-heading\">General Terms<\/h2>\n\n\n\n<p>The company EOLIS, d.o.o., headquartered at \u017delezna cesta 14, Ljubljana (hereinafter referred to as: Eolis d.o.o.), offers informational services, organization, and agency mediation for yacht rentals and other related or nautical services through its website <a href=\"http:\/\/www.thesailmaster.si\">www.thesailmaster.si<\/a>.<\/p>\n\n\n\n<p>All users of the website are subject to the Terms and Conditions published on this page.<\/p>\n\n\n\n<p>By accessing the website <a href=\"http:\/\/www.thesailmaster.si\">www.thesailmaster.si<\/a>, the user fully agrees to the terms of use and the privacy and data protection policies. Eolis d.o.o. reserves the right to modify these terms and policies at any time. Users are obliged to comply with changes, which take effect at the moment of publication. It is considered that the user is familiar with the current terms and policies, has understood them, and fully agrees with them.<\/p>\n\n\n\n<p>When using the website and in general, the user is required to provide only truthful and complete information to Eolis d.o.o.<\/p>\n\n\n\n<p>Eolis d.o.o. will communicate with the user remotely and send promotional emails only if the user has given consent for this. The method for unsubscribing from promotional messages will be clearly presented in each message.<\/p>\n<\/div><\/div>\n<\/div><\/div>\n\n\n\n<div class=\"wp-block-univera-row univera-row container\" style=\"width:100%\"><div class=\"row-inner d-flex flex-wrap justify-content-start align-items-start row-normal\">\n<div class=\"wp-block-univera-column univera-column col-12 col-md-12 col-lg-12 order-1 order-md-1 order-lg-1\"><div class=\"inner-column pt-0 pe-0 pb-0 ps-0 pt-md-0 pe-md-0 pb-md-0 ps-md-0 pt-lg-0 pe-lg-0 pb-lg-0 ps-lg-0 rounded-0 shadow-none hover-shadow-none \" style=\"border-style:none\">\n<h3 class=\"wp-block-univera-heading\">Limitation of Liability<\/h3>\n\n\n\n<p>Eolis d.o.o. does not guarantee the truthfulness, accuracy, or completeness of the offer content published on the website <a href=\"http:\/\/www.thesailmaster.si\">www.thesailmaster.si<\/a>, as this information is sourced from its business partners \u2013 charter companies.<\/p>\n\n\n\n<p>The user declares that they will not hold Eolis d.o.o. or its employees liable for any potential damages or legal representation costs incurred as a result of using the website <a href=\"http:\/\/www.thesailmaster.si\">www.thesailmaster.si<\/a>, except in cases of intentional misconduct.<\/p>\n\n\n\n<p>Eolis d.o.o. does not guarantee that the use of the website www.thesailmaster.si will be uninterrupted due to communication link failures, computer viruses, unauthorized access, data misuse, or any other inappropriate actions by third parties, and therefore cannot be held liable for any resulting damages.<\/p>\n<\/div><\/div>\n<\/div><\/div>\n\n\n\n<div class=\"wp-block-univera-row univera-row container\" style=\"width:100%\"><div class=\"row-inner d-flex flex-wrap justify-content-start align-items-start row-normal\">\n<div class=\"wp-block-univera-column univera-column col-12 col-md-12 col-lg-12 order-1 order-md-1 order-lg-1\"><div class=\"inner-column pt-0 pe-0 pb-0 ps-0 pt-md-0 pe-md-0 pb-md-0 ps-md-0 pt-lg-0 pe-lg-0 pb-lg-0 ps-lg-0 rounded-0 shadow-none hover-shadow-none \" style=\"border-style:none\">\n<h2 class=\"wp-block-univera-heading\">Rental Terms and Conditions<\/h2>\n\n\n\n<p>The offer, including the rental prices of vessels and other services provided by the intermediary (agency) THESAILMASTER, is published on the website www.thesailmaster.si and is subject to daily changes and adjustments upon inquiry.<\/p>\n\n\n\n<p>The intermediary does not charge any administrative fees for the services provided.<\/p>\n<\/div><\/div>\n<\/div><\/div>\n\n\n\n<div class=\"wp-block-univera-row univera-row container\" style=\"width:100%\"><div class=\"row-inner d-flex flex-wrap justify-content-start align-items-start row-normal\">\n<div class=\"wp-block-univera-column univera-column col-12 col-md-12 col-lg-12 order-1 order-md-1 order-lg-1\"><div class=\"inner-column pt-0 pe-0 pb-0 ps-0 pt-md-0 pe-md-0 pb-md-0 ps-md-0 pt-lg-0 pe-lg-0 pb-lg-0 ps-lg-0 rounded-0 shadow-none hover-shadow-none \" style=\"border-style:none\">\nContact\n\n\n\nFor renting a vessel or other services listed on the website, the user can contact the intermediary via phone, email, the online contact form, or social media.\n<\/div><\/div>\n<\/div><\/div>\n\n\n\n<div class=\"wp-block-univera-row univera-row container\" style=\"width:100%\"><div class=\"row-inner d-flex flex-wrap justify-content-start align-items-start row-normal\">\n<div class=\"wp-block-univera-column univera-column col-12 col-md-12 col-lg-12 order-1 order-md-1 order-lg-1\"><div class=\"inner-column pt-0 pe-0 pb-0 ps-0 pt-md-0 pe-md-0 pb-md-0 ps-md-0 pt-lg-0 pe-lg-0 pb-lg-0 ps-lg-0 rounded-0 shadow-none hover-shadow-none \" style=\"border-style:none\">\n<h3 class=\"wp-block-univera-heading\">Reservation, Vessel Rental, and Payment<\/h3>\n\n\n\n<p>Based on the user&#8217;s inquiry (expressed preferences), the intermediary finalizes the offer and places the appropriate vessels under an &#8220;option.&#8221; The validity of this option is a maximum of 7 days, during which the user can confirm the rental.<\/p>\n\n\n\n<p>To confirm the reservation (rental) and issue a proforma invoice, the user must provide the intermediary with:<\/p>\n\n\n\n<ul> <li>first and last name\/company,<\/li> <li>address\/headquarters,<\/li> <li>VAT ID for the company,<\/li> <li>phone number and email address.<\/li> <\/ul>\n\n\n\n<p>The reservation is confirmed, and a contractual relationship is established, upon payment of 50% of the rental price as per the proforma invoice. The remaining balance must be paid no later than 5 weeks before the vessel rental date. In the case of a Last Minute rental, meaning within 5 weeks or less prior to the vessel pick-up, 100% of the price as per the proforma invoice must be paid.<\/p>\n\n\n\n<p>The intermediary issues an advance invoice for each payment made according to the proforma invoice.<\/p>\n\n\n\n<p>Once the reservation is confirmed, the intermediary sends the rental agreement to the lessee for signing, along with a crew list form. The lessee must complete and return both documents to the intermediary.<\/p>\n\n\n\n<p>After paying the full price as per the proforma invoice, the renter will receive a vessel pick-up confirmation (voucher) in the week prior to the rental start. This confirmation allows them to collect the vessel from the charter company.<\/p>\n\n\n\n<p>The invoice is issued after the rental is completed.<\/p>\n<\/div><\/div>\n<\/div><\/div>\n\n\n\n<div class=\"wp-block-univera-row univera-row container\" style=\"width:100%\"><div class=\"row-inner d-flex flex-wrap justify-content-start align-items-start row-normal\">\n<div class=\"wp-block-univera-column univera-column col-12 col-md-12 col-lg-12 order-1 order-md-1 order-lg-1\"><div class=\"inner-column pt-0 pe-0 pb-0 ps-0 pt-md-0 pe-md-0 pb-md-0 ps-md-0 pt-lg-0 pe-lg-0 pb-lg-0 ps-lg-0 rounded-0 shadow-none hover-shadow-none \" style=\"border-style:none\">\n<h3 class=\"wp-block-univera-heading\">Rental of Additional Services<\/h3>\n\n\n\n<p>The rental of additional services (skipper, hostess, chef, etc.) is also possible without renting a vessel, subject to the specific conditions provided by the selected charter company.<\/p>\n<\/div><\/div>\n<\/div><\/div>\n\n\n\n<div class=\"wp-block-univera-row univera-row container\" style=\"width:100%\"><div class=\"row-inner d-flex flex-wrap justify-content-start align-items-start row-normal\">\n<div class=\"wp-block-univera-column univera-column col-12 col-md-12 col-lg-12 order-1 order-md-1 order-lg-1\"><div class=\"inner-column pt-0 pe-0 pb-0 ps-0 pt-md-0 pe-md-0 pb-md-0 ps-md-0 pt-lg-0 pe-lg-0 pb-lg-0 ps-lg-0 rounded-0 shadow-none hover-shadow-none \" style=\"border-style:none\">\n<h3 class=\"wp-block-univera-heading\">Price and Insurance<\/h3>\n\n\n\n<p>The rental price includes the use of an equipped vessel with normal wear and tear, third-party liability insurance, comprehensive insurance with a deductible (security deposit), and mooring in the home marina if a year-round berth is leased for the vessel. The price does not include fuel, other special services, taxes, and mooring fees in foreign marinas and anchorages. Insurance does not cover personal injuries on the vessel, damage to personal belongings brought on board, or damage caused by improper use or loss of equipment on the vessel.<\/p>\n<\/div><\/div>\n<\/div><\/div>\n\n\n\n<div class=\"wp-block-univera-row univera-row container\" style=\"width:100%\"><div class=\"row-inner d-flex flex-wrap justify-content-start align-items-start row-normal\">\n<div class=\"wp-block-univera-column univera-column col-12 col-md-12 col-lg-12 order-1 order-md-1 order-lg-1\"><div class=\"inner-column pt-0 pe-0 pb-0 ps-0 pt-md-0 pe-md-0 pb-md-0 ps-md-0 pt-lg-0 pe-lg-0 pb-lg-0 ps-lg-0 rounded-0 shadow-none hover-shadow-none \" style=\"border-style:none\">\n<h3 class=\"wp-block-univera-heading\">Security Deposit and Other Mandatory Costs<\/h3>\n\n\n\n<p>Upon collecting the vessel at the marina, the renter is required to provide a security deposit (guarantee) in cash or by credit card in the amount specified in the charter company&#8217;s price list and outlined in the contract. The deposit is fully refunded if the vessel is returned on time, undamaged, and with a full fuel tank; otherwise, it is reduced by the actual costs incurred for repairing or replacing damaged or lost parts of the vessel or equipment. Damages caused by engine overheating or sail damage resulting from intentional or negligent handling are fully covered by the renter. Compensation is charged upon the vessel&#8217;s return; if the costs cannot be calculated immediately, an appropriate part or the full deposit is withheld within a timeframe determined by the charter company\u2019s policy.<\/p>\n\n\n\n<p>The lessee must pay a security deposit even when renting a vessel with a skipper. In such cases, the deposit does not cover costs incurred due to the skipper\u2019s negligence, mistakes, or poor handling of the vessel and its equipment.<\/p>\n\n\n\n<p>The security deposit can be insured. This option is offered by the intermediary according to the price list and regulations of the Yacht Pool insurance company (YACHT INSURANCE d.o.o., Pore\u010d). The insurance amount is non-refundable to the lessee.<\/p>\n\n\n\n<p>Upon taking over the vessel, the lessee must also pay the tourist tax and costs for vessel cleaning and bedding (transit log).<\/p>\n<\/div><\/div>\n<\/div><\/div>\n\n\n\n<div class=\"wp-block-univera-row univera-row container\" style=\"width:100%\"><div class=\"row-inner d-flex flex-wrap justify-content-start align-items-start row-normal\">\n<div class=\"wp-block-univera-column univera-column col-12 col-md-12 col-lg-12 order-1 order-md-1 order-lg-1\"><div class=\"inner-column pt-0 pe-0 pb-0 ps-0 pt-md-0 pe-md-0 pb-md-0 ps-md-0 pt-lg-0 pe-lg-0 pb-lg-0 ps-lg-0 rounded-0 shadow-none hover-shadow-none \" style=\"border-style:none\">\n<h3 class=\"wp-block-univera-heading\">Extension of Charter Period<\/h3>\n\n\n\n<p>The possibility of extending the vessel charter must be arranged exclusively with the intermediary, both before and after the vessel handover. The lessee bears liability for damages in case of non-compliance with this provision.<\/p>\n\n\n\n<p>The charter extension is formalized by signing an additional agreement and completing the corresponding payment.<\/p>\n<\/div><\/div>\n<\/div><\/div>\n\n\n\n<div class=\"wp-block-univera-row univera-row container\" style=\"width:100%\"><div class=\"row-inner d-flex flex-wrap justify-content-start align-items-start row-normal\">\n<div class=\"wp-block-univera-column univera-column col-12 col-md-12 col-lg-12 order-1 order-md-1 order-lg-1\"><div class=\"inner-column pt-0 pe-0 pb-0 ps-0 pt-md-0 pe-md-0 pb-md-0 ps-md-0 pt-lg-0 pe-lg-0 pb-lg-0 ps-lg-0 rounded-0 shadow-none hover-shadow-none \" style=\"border-style:none\">\n<h3 class=\"wp-block-univera-heading\">Cancellation of Rental<\/h3>\n\n\n\n<p>If the renter (with the crew) is unable to begin the vessel rental for any reason, they may, with the intermediary&#8217;s consent, find another person to take over their rights and obligations under the signed contract. If they cannot find another person, the intermediary retains:<\/p>\n\n\n\n<ul>\n<li>30 % cene najema v primeru, da sam najde nadomestnega najemnika za odpovedani termin,<\/li>\n<li>\u010de mu to ne uspe, pa 50 % cene najema za odpoved do 5 tednov pred za\u010detkom najema in 100 % cene najema za odpoved, dano v obdobju, ki je kraj\u0161e od 5 tednov pred za\u010detkom najema.<\/li>\n<\/ul>\n\n\n\n<p>The intermediary reserves the right to rent the vessel to another party if the renter fails to pay the rental price within 8 days from the proforma invoice due date. Any payments made up to that point are retained by the intermediary.<\/p>\n\n\n\n<p>To avoid the aforementioned situations, the lessee can obtain rental cancellation risk insurance.<\/p>\n<\/div><\/div>\n<\/div><\/div>\n\n\n\n<div class=\"wp-block-univera-row univera-row container\" style=\"width:100%\"><div class=\"row-inner d-flex flex-wrap justify-content-start align-items-start row-normal\">\n<div class=\"wp-block-univera-column univera-column col-12 col-md-12 col-lg-12 order-1 order-md-1 order-lg-1\"><div class=\"inner-column pt-0 pe-0 pb-0 ps-0 pt-md-0 pe-md-0 pb-md-0 ps-md-0 pt-lg-0 pe-lg-0 pb-lg-0 ps-lg-0 rounded-0 shadow-none hover-shadow-none \" style=\"border-style:none\">\n<h3 class=\"wp-block-univera-heading\">Renter&#8217;s Obligations:<\/h3>\n\n\n\n<p>The lessee declares that either they or another crew member who will operate the vessel possesses a valid sailing license and appropriate sailing and navigational knowledge (this declaration is not required when renting a vessel with a skipper).<\/p>\n\n\n\n<p>The lessee undertakes to:<\/p>\n\n\n\n<ul> <li>to handle the rented vessel and its equipment carefully and responsibly, as a prudent owner would;<\/li> <li>to use the vessel only within territorial waters and strictly adhere to navigation regulations, maritime laws, and customs;<\/li> <li>to use the vessel solely for leisure purposes, not to lend it to third parties, nor to use it for profit-making activities. Only individuals listed on the crew list are allowed on board;<\/li> <li>not to participate in regattas with the vessel unless agreed in writing;<\/li> <li>not to tow other vessels with the rented vessel except in emergencies;<\/li> <li>to check the engine oil and coolant levels daily;<\/li> <li>to thoroughly and responsibly inspect and return the vessel and its equipment.<\/li> <\/ul>\n<\/div><\/div>\n<\/div><\/div>\n\n\n\n<div class=\"wp-block-univera-row univera-row container\" style=\"width:100%\"><div class=\"row-inner d-flex flex-wrap justify-content-start align-items-start row-normal\">\n<div class=\"wp-block-univera-column univera-column col-12 col-md-12 col-lg-12 order-1 order-md-1 order-lg-1\"><div class=\"inner-column pt-0 pe-0 pb-0 ps-0 pt-md-0 pe-md-0 pb-md-0 ps-md-0 pt-lg-0 pe-lg-0 pb-lg-0 ps-lg-0 rounded-0 shadow-none hover-shadow-none \" style=\"border-style:none\">\n<h3 class=\"wp-block-univera-heading\">Vessel Damage<\/h3>\n\n\n\n<p>The lessee must immediately notify the charter company and the intermediary in the event of any defects or damage to the vessel or its equipment and follow the provided instructions. In the case of severe damage, accidents, theft, or inability to maneuver, the lessee must prepare a &#8220;damage report&#8221; and have it certified by the port authority or police. If this is not possible, certification may be obtained at the marina, by a doctor, or by two legally competent individuals.<\/p>\n\n\n\n<p>Defects or malfunctions of the vessel&#8217;s instruments or equipment do not entitle the lessee to terminate the rental agreement or claim financial compensation if proper navigation is still possible using classical navigation methods and if the safety of the vessel and crew is ensured.<\/p>\n\n\n\n<p>The charter company may inspect any potential damage to the vessel incurred during the rental period using a qualified diver or by lifting the vessel out of the water. This service may be charged separately to the renter.<\/p>\n<\/div><\/div>\n<\/div><\/div>\n\n\n\n<div class=\"wp-block-univera-row univera-row container\" style=\"width:100%\"><div class=\"row-inner d-flex flex-wrap justify-content-start align-items-start row-normal\">\n<div class=\"wp-block-univera-column univera-column col-12 col-md-12 col-lg-12 order-1 order-md-1 order-lg-1\"><div class=\"inner-column pt-0 pe-0 pb-0 ps-0 pt-md-0 pe-md-0 pb-md-0 ps-md-0 pt-lg-0 pe-lg-0 pb-lg-0 ps-lg-0 rounded-0 shadow-none hover-shadow-none \" style=\"border-style:none\">\n<h3 class=\"wp-block-univera-heading\">Vessel Handover and Return<\/h3>\n\n\n\n<p>The vessel is handed over to the lessee at the agreed location and time. If, for objective reasons, the vessel cannot be delivered, the lessee will be provided with a substitute vessel of similar or better characteristics at the same rental price. If the substitute vessel is also unavailable within the agreed timeframe, the rental fee will be proportionally reduced for each day of delay. If the vessel cannot be delivered within 40 hours from the agreed time or within 30 nautical miles from the home marina, the lessee has the right to terminate the contract and receive a refund of the rental fee but is not entitled to any other compensation. If the lessee fails to take over the vessel within 24 hours of the agreed time and does not report their delay, the intermediary may rent the vessel to another client.<\/p>\n\n\n\n<p>Upon taking over the vessel, the lessee must carefully inspect its condition and equipment. Any comments or deficiencies must be recorded in the handover protocol. Later objections regarding the vessel&#8217;s seaworthiness or equipment will not be accepted.<\/p>\n\n\n\n<p>The skipper is obliged to familiarize himself thoroughly with the vessel, its equipment, and instruments, their operation, and the necessary maintenance during the rental period. The charter company reserves the right to refuse handover if the skipper is deemed incapable of safely operating the vessel for any reason. In such a case, the company may assign a qualified skipper (if available), which the lessee must pay for separately.<\/p>\n\n\n\n<p>The renter agrees to return the vessel to the agreed location and time (adjusting the voyage according to weather conditions), undamaged, and with a full fuel tank. For regular weekly rentals, vessels are returned the evening before the rental period ends, unless otherwise agreed with the charter company. If the renter cannot return the vessel on time or to the agreed location, they must immediately notify the charter company and the intermediary and follow the given instructions. All costs incurred due to the delay are covered by the renter, in accordance with the charter company&#8217;s terms.<\/p>\n<\/div><\/div>\n<\/div><\/div>\n\n\n\n<div class=\"wp-block-univera-row univera-row container\" style=\"width:100%\"><div class=\"row-inner d-flex flex-wrap justify-content-start align-items-start row-normal\">\n<div class=\"wp-block-univera-column univera-column col-12 col-md-12 col-lg-12 order-1 order-md-1 order-lg-1\"><div class=\"inner-column pt-0 pe-0 pb-0 ps-0 pt-md-0 pe-md-0 pb-md-0 ps-md-0 pt-lg-0 pe-lg-0 pb-lg-0 ps-lg-0 rounded-0 shadow-none hover-shadow-none \" style=\"border-style:none\">\n<h3 class=\"wp-block-univera-heading\">Chartering a Vessel with a Skipper<\/h3>\n\n\n\n<p>The duties of the hired skipper are strictly limited to operating the vessel and its equipment, as well as navigation. The lessee and crew must unconditionally comply with the skipper&#8217;s commands during the voyage; otherwise, the skipper has the right to withdraw from the charter agreement.<\/p>\n<\/div><\/div>\n<\/div><\/div>\n\n\n\n<div class=\"wp-block-univera-row univera-row container\" style=\"width:100%\"><div class=\"row-inner d-flex flex-wrap justify-content-start align-items-start row-normal\">\n<div class=\"wp-block-univera-column univera-column col-12 col-md-12 col-lg-12 order-1 order-md-1 order-lg-1\"><div class=\"inner-column pt-0 pe-0 pb-0 ps-0 pt-md-0 pe-md-0 pb-md-0 ps-md-0 pt-lg-0 pe-lg-0 pb-lg-0 ps-lg-0 rounded-0 shadow-none hover-shadow-none \" style=\"border-style:none\">\n<h3 class=\"wp-block-univera-heading\">Pets<\/h3>\n\n\n\n<p>Bringing pets on board is not allowed unless otherwise agreed upon in advance.<\/p>\n<\/div><\/div>\n<\/div><\/div>\n\n\n\n<div class=\"wp-block-univera-row univera-row container\" style=\"width:100%\"><div class=\"row-inner d-flex flex-wrap justify-content-start align-items-start row-normal\">\n<div class=\"wp-block-univera-column univera-column col-12 col-md-12 col-lg-12 order-1 order-md-1 order-lg-1\"><div class=\"inner-column pt-0 pe-0 pb-0 ps-0 pt-md-0 pe-md-0 pb-md-0 ps-md-0 pt-lg-0 pe-lg-0 pb-lg-0 ps-lg-0 rounded-0 shadow-none hover-shadow-none \" style=\"border-style:none\">\n<h3 class=\"wp-block-univera-heading\">Compensation Claims<\/h3>\n\n\n\n<p>Any compensation claims must be submitted to the intermediary in writing within 8 days after the rental period, via registered mail. Claims can only pertain to remarks and complaints that were recorded in the handover report at the time of vessel return.<\/p>\n\n\n\n<p>The intermediary and lessee will strive to resolve any disputes amicably. If an agreement cannot be reached, the court in the jurisdiction of the intermediary&#8217;s registered office shall have competence over the resolution of disputes.<\/p>\n<\/div><\/div>\n<\/div><\/div>\n\n\n\n<div class=\"wp-block-univera-row univera-row container\" style=\"width:100%\"><div class=\"row-inner d-flex flex-wrap justify-content-start align-items-start row-normal\">\n<div class=\"wp-block-univera-column univera-column col-12 col-md-12 col-lg-12 order-1 order-md-1 order-lg-1\"><div class=\"inner-column pt-0 pe-0 pb-0 ps-0 pt-md-0 pe-md-0 pb-md-0 ps-md-0 pt-lg-0 pe-lg-0 pb-lg-0 ps-lg-0 rounded-0 shadow-none hover-shadow-none \" style=\"border-style:none\">\n<p>Last Updated: June 30, 2020<\/p>\n<\/div><\/div>\n<\/div><\/div>\n<\/div>\n","protected":false},"excerpt":{"rendered":"","protected":false},"author":1,"featured_media":0,"parent":0,"menu_order":0,"comment_status":"closed","ping_status":"closed","template":"page-templates\/page-full-width.php","meta":{"_acf_changed":false,"footnotes":""},"class_list":["post-101440","page","type-page","status-publish","hentry"],"acf":[],"_links":{"self":[{"href":"https:\/\/thesailmaster.si\/en\/wp-json\/wp\/v2\/pages\/101440","targetHints":{"allow":["GET"]}}],"collection":[{"href":"https:\/\/thesailmaster.si\/en\/wp-json\/wp\/v2\/pages"}],"about":[{"href":"https:\/\/thesailmaster.si\/en\/wp-json\/wp\/v2\/types\/page"}],"author":[{"embeddable":true,"href":"https:\/\/thesailmaster.si\/en\/wp-json\/wp\/v2\/users\/1"}],"replies":[{"embeddable":true,"href":"https:\/\/thesailmaster.si\/en\/wp-json\/wp\/v2\/comments?post=101440"}],"version-history":[{"count":27,"href":"https:\/\/thesailmaster.si\/en\/wp-json\/wp\/v2\/pages\/101440\/revisions"}],"predecessor-version":[{"id":239216,"href":"https:\/\/thesailmaster.si\/en\/wp-json\/wp\/v2\/pages\/101440\/revisions\/239216"}],"wp:attachment":[{"href":"https:\/\/thesailmaster.si\/en\/wp-json\/wp\/v2\/media?parent=101440"}],"curies":[{"name":"wp","href":"https:\/\/api.w.org\/{rel}","templated":true}]}}